  {"id":10076,"date":"2022-06-13T16:21:58","date_gmt":"2022-06-13T20:21:58","guid":{"rendered":"https:\/\/iatse.net\/?page_id=10076"},"modified":"2024-08-06T12:53:24","modified_gmt":"2024-08-06T16:53:24","slug":"iatse-voter-toolkit","status":"publish","type":"page","link":"https:\/\/iatse.net\/fr\/political-legislative\/iatse-voter-toolkit\/","title":{"rendered":"Bo\u00eete \u00e0 outils pour les \u00e9lecteurs de l'IATSE"},"content":{"rendered":"<div data-elementor-type=\"wp-page\" data-elementor-id=\"10076\" class=\"elementor elementor-10076\">\n\t\t\t\t\t\t<section class=\"elementor-section elementor-top-section elementor-element elementor-element-d44b90d elementor-section-boxed elementor-section-height-default elementor-section-height-default\" data-id=\"d44b90d\" data-element_type=\"section\">\n\t\t\t\t\t\t<div class=\"elementor-container elementor-column-gap-default\">\n\t\t\t\t\t<div class=\"elementor-column elementor-col-100 elementor-top-column elementor-element elementor-element-8327e3f\" data-id=\"8327e3f\" data-element_type=\"column\">\n\t\t\t<div class=\"elementor-widget-wrap elementor-element-populated\">\n\t\t\t\t\t\t<div class=\"elementor-element elementor-element-6b539c7 elementor-widget elementor-widget-text-editor\" data-id=\"6b539c7\" data-element_type=\"widget\" data-widget_type=\"text-editor.default\">\n\t\t\t\t<div class=\"elementor-widget-container\">\n\t\t\t\t\t\t\t<p>L'adh\u00e9sion syndicale est fondamentalement li\u00e9e au devoir civique et au processus d\u00e9mocratique du vote. Comme ces derni\u00e8res ann\u00e9es l'ont montr\u00e9 de mani\u00e8re frappante, les \u00e9lections ont des cons\u00e9quences qui touchent directement les travailleurs des coulisses du spectacle de l'ºìÌÒÊÓÆµet leurs familles.<\/p><p>Cette bo\u00eete \u00e0 outils pour les \u00e9lecteurs fournit aux membres am\u00e9ricains de l'ºìÌÒÊÓÆµtoutes les ressources dont ils ont besoin pour voter et s'assurer que leur vote est pris en compte !\u00a0<\/p>\t\t\t\t\t\t<\/div>\n\t\t\t\t<\/div>\n\t\t\t\t<div class=\"elementor-element elementor-element-419a782 elementor-align-center elementor-widget elementor-widget-button\" data-id=\"419a782\" data-element_type=\"widget\" data-widget_type=\"button.default\">\n\t\t\t\t<div class=\"elementor-widget-container\">\n\t\t\t\t\t<div class=\"elementor-button-wrapper\">\n\t\t\t<a class=\"elementor-button elementor-button-link elementor-size-sm\" href=\"https:\/\/www.usvotefoundation.org\/vote\/state-elections\/state-election-dates-deadlines.htm\">\n\t\t\t\t\t\t<span class=\"elementor-button-content-wrapper\">\n\t\t\t\t\t\t<span class=\"elementor-button-text\">Trouvez les dates et \u00e9ch\u00e9ances de vos \u00e9lections<\/span>\n\t\t<\/span>\n\t\t\t\t\t<\/a>\n\t\t<\/div>\n\t\t\t\t<\/div>\n\t\t\t\t<\/div>\n\t\t\t\t<div class=\"elementor-element elementor-element-ebd45a9 elementor-widget elementor-widget-text-editor\" data-id=\"ebd45a9\" data-element_type=\"widget\" data-widget_type=\"text-editor.default\">\n\t\t\t\t<div class=\"elementor-widget-container\">\n\t\t\t\t\t\t\t<p>Cliquez ci-dessus pour conna\u00eetre la date de votre \u00e9lection primaire, les dates du vote anticip\u00e9 et les dates limites pour l'inscription sur les listes \u00e9lectorales, la demande de vote par correspondance et le retour du vote par correspondance.<\/p>\t\t\t\t\t\t<\/div>\n\t\t\t\t<\/div>\n\t\t\t\t\t<\/div>\n\t\t<\/div>\n\t\t\t\t\t<\/div>\n\t\t<\/section>\n\t\t\t\t<section class=\"elementor-section elementor-top-section elementor-element elementor-element-27a66a2 elementor-section-boxed elementor-section-height-default elementor-section-height-default\" data-id=\"27a66a2\" data-element_type=\"section\">\n\t\t\t\t\t\t<div class=\"elementor-container elementor-column-gap-default\">\n\t\t\t\t\t<div class=\"elementor-column elementor-col-50 elementor-top-column elementor-element elementor-element-339476d\" data-id=\"339476d\" data-element_type=\"column\">\n\t\t\t<div class=\"elementor-widget-wrap elementor-element-populated\">\n\t\t\t\t\t\t<div class=\"elementor-element elementor-element-6d339df elementor-align-justify elementor-widget elementor-widget-button\" data-id=\"6d339df\" data-element_type=\"widget\" data-widget_type=\"button.default\">\n\t\t\t\t<div class=\"elementor-widget-container\">\n\t\t\t\t\t<div class=\"elementor-button-wrapper\">\n\t\t\t<a class=\"elementor-button elementor-button-link elementor-size-sm\" href=\"https:\/\/www.nass.org\/can-I-vote\/voter-registration-status\">\n\t\t\t\t\t\t<span class=\"elementor-button-content-wrapper\">\n\t\t\t\t\t\t<span class=\"elementor-button-text\">V\u00e9rifier le statut de l'inscription sur les listes \u00e9lectorales<\/span>\n\t\t<\/span>\n\t\t\t\t\t<\/a>\n\t\t<\/div>\n\t\t\t\t<\/div>\n\t\t\t\t<\/div>\n\t\t\t\t\t<\/div>\n\t\t<\/div>\n\t\t\t\t<div class=\"elementor-column elementor-col-50 elementor-top-column elementor-element elementor-element-d454bf8\" data-id=\"d454bf8\" data-element_type=\"column\">\n\t\t\t<div class=\"elementor-widget-wrap elementor-element-populated\">\n\t\t\t\t\t\t<div class=\"elementor-element elementor-element-984c580 elementor-align-justify elementor-widget elementor-widget-button\" data-id=\"984c580\" data-element_type=\"widget\" data-widget_type=\"button.default\">\n\t\t\t\t<div class=\"elementor-widget-container\">\n\t\t\t\t\t<div class=\"elementor-button-wrapper\">\n\t\t\t<a class=\"elementor-button elementor-button-link elementor-size-sm\" href=\"https:\/\/vote.gov\/\">\n\t\t\t\t\t\t<span class=\"elementor-button-content-wrapper\">\n\t\t\t\t\t\t<span class=\"elementor-button-text\">S'inscrire pour voter <\/span>\n\t\t<\/span>\n\t\t\t\t\t<\/a>\n\t\t<\/div>\n\t\t\t\t<\/div>\n\t\t\t\t<\/div>\n\t\t\t\t\t<\/div>\n\t\t<\/div>\n\t\t\t\t\t<\/div>\n\t\t<\/section>\n\t\t\t\t<section class=\"elementor-section elementor-top-section elementor-element elementor-element-6d72860 elementor-section-boxed elementor-section-height-default elementor-section-height-default\" data-id=\"6d72860\" data-element_type=\"section\">\n\t\t\t\t\t\t<div class=\"elementor-container elementor-column-gap-default\">\n\t\t\t\t\t<div class=\"elementor-column elementor-col-50 elementor-top-column elementor-element elementor-element-58a9cbb\" data-id=\"58a9cbb\" data-element_type=\"column\">\n\t\t\t<div class=\"elementor-widget-wrap elementor-element-populated\">\n\t\t\t\t\t\t<div class=\"elementor-element elementor-element-99aac74 elementor-align-justify elementor-widget elementor-widget-button\" data-id=\"99aac74\" data-element_type=\"widget\" data-widget_type=\"button.default\">\n\t\t\t\t<div class=\"elementor-widget-container\">\n\t\t\t\t\t<div class=\"elementor-button-wrapper\">\n\t\t\t<a class=\"elementor-button elementor-button-link elementor-size-sm\" href=\"https:\/\/www.vote.org\/absentee-voting-rules\/\">\n\t\t\t\t\t\t<span class=\"elementor-button-content-wrapper\">\n\t\t\t\t\t\t<span class=\"elementor-button-text\">R\u00e8gles relatives au vote par correspondance (vote postal)<\/span>\n\t\t<\/span>\n\t\t\t\t\t<\/a>\n\t\t<\/div>\n\t\t\t\t<\/div>\n\t\t\t\t<\/div>\n\t\t\t\t\t<\/div>\n\t\t<\/div>\n\t\t\t\t<div class=\"elementor-column elementor-col-50 elementor-top-column elementor-element elementor-element-eba3743\" data-id=\"eba3743\" data-element_type=\"column\">\n\t\t\t<div class=\"elementor-widget-wrap elementor-element-populated\">\n\t\t\t\t\t\t<div class=\"elementor-element elementor-element-1ee558f elementor-align-justify elementor-widget elementor-widget-button\" data-id=\"1ee558f\" data-element_type=\"widget\" data-widget_type=\"button.default\">\n\t\t\t\t<div class=\"elementor-widget-container\">\n\t\t\t\t\t<div class=\"elementor-button-wrapper\">\n\t\t\t<a class=\"elementor-button elementor-button-link elementor-size-sm\" href=\"https:\/\/www.vote.org\/ballot-tracker-tools\/\">\n\t\t\t\t\t\t<span class=\"elementor-button-content-wrapper\">\n\t\t\t\t\t\t<span class=\"elementor-button-text\">Suivez votre vote<\/span>\n\t\t<\/span>\n\t\t\t\t\t<\/a>\n\t\t<\/div>\n\t\t\t\t<\/div>\n\t\t\t\t<\/div>\n\t\t\t\t\t<\/div>\n\t\t<\/div>\n\t\t\t\t\t<\/div>\n\t\t<\/section>\n\t\t\t\t<section class=\"elementor-section elementor-top-section elementor-element elementor-element-3df096a elementor-section-boxed elementor-section-height-default elementor-section-height-default\" data-id=\"3df096a\" data-element_type=\"section\">\n\t\t\t\t\t\t<div class=\"elementor-container elementor-column-gap-default\">\n\t\t\t\t\t<div class=\"elementor-column elementor-col-50 elementor-top-column elementor-element elementor-element-2102227\" data-id=\"2102227\" data-element_type=\"column\">\n\t\t\t<div class=\"elementor-widget-wrap elementor-element-populated\">\n\t\t\t\t\t\t<div class=\"elementor-element elementor-element-f62d934 elementor-align-justify elementor-widget elementor-widget-button\" data-id=\"f62d934\" data-element_type=\"widget\" data-widget_type=\"button.default\">\n\t\t\t\t<div class=\"elementor-widget-container\">\n\t\t\t\t\t<div class=\"elementor-button-wrapper\">\n\t\t\t<a class=\"elementor-button elementor-button-link elementor-size-sm\" href=\"https:\/\/www.nass.org\/can-i-vote\/find-your-polling-place\">\n\t\t\t\t\t\t<span class=\"elementor-button-content-wrapper\">\n\t\t\t\t\t\t<span class=\"elementor-button-text\">Trouvez votre bureau de vote<\/span>\n\t\t<\/span>\n\t\t\t\t\t<\/a>\n\t\t<\/div>\n\t\t\t\t<\/div>\n\t\t\t\t<\/div>\n\t\t\t\t\t<\/div>\n\t\t<\/div>\n\t\t\t\t<div class=\"elementor-column elementor-col-50 elementor-top-column elementor-element elementor-element-b1d1e35\" data-id=\"b1d1e35\" data-element_type=\"column\">\n\t\t\t<div class=\"elementor-widget-wrap elementor-element-populated\">\n\t\t\t\t\t\t<div class=\"elementor-element elementor-element-8960255 elementor-align-justify elementor-widget elementor-widget-button\" data-id=\"8960255\" data-element_type=\"widget\" data-widget_type=\"button.default\">\n\t\t\t\t<div class=\"elementor-widget-container\">\n\t\t\t\t\t<div class=\"elementor-button-wrapper\">\n\t\t\t<a class=\"elementor-button elementor-button-link elementor-size-sm\" href=\"https:\/\/www.ncsl.org\/research\/elections-and-campaigns\/voter-id.aspx#Laws%20in%20Effect\">\n\t\t\t\t\t\t<span class=\"elementor-button-content-wrapper\">\n\t\t\t\t\t\t<span class=\"elementor-button-text\">Lois sur l'identification des \u00e9lecteurs dans votre \u00c9tat<\/span>\n\t\t<\/span>\n\t\t\t\t\t<\/a>\n\t\t<\/div>\n\t\t\t\t<\/div>\n\t\t\t\t<\/div>\n\t\t\t\t\t<\/div>\n\t\t<\/div>\n\t\t\t\t\t<\/div>\n\t\t<\/section>\n\t\t\t\t<section class=\"elementor-section elementor-top-section elementor-element elementor-element-4cdcefd elementor-section-boxed elementor-section-height-default elementor-section-height-default\" data-id=\"4cdcefd\" data-element_type=\"section\">\n\t\t\t\t\t\t<div class=\"elementor-container elementor-column-gap-default\">\n\t\t\t\t\t<div class=\"elementor-column elementor-col-50 elementor-top-column elementor-element elementor-element-890d85e\" data-id=\"890d85e\" data-element_type=\"column\">\n\t\t\t<div class=\"elementor-widget-wrap elementor-element-populated\">\n\t\t\t\t\t\t<div class=\"elementor-element elementor-element-57844cc elementor-align-center elementor-widget elementor-widget-button\" data-id=\"57844cc\" data-element_type=\"widget\" data-widget_type=\"button.default\">\n\t\t\t\t<div class=\"elementor-widget-container\">\n\t\t\t\t\t<div class=\"elementor-button-wrapper\">\n\t\t\t<a class=\"elementor-button elementor-button-link elementor-size-sm\" href=\"https:\/\/www.usa.gov\/election-office\">\n\t\t\t\t\t\t<span class=\"elementor-button-content-wrapper\">\n\t\t\t\t\t\t<span class=\"elementor-button-text\">Trouver un bureau \u00e9lectoral local ou d'\u00c9tat<\/span>\n\t\t<\/span>\n\t\t\t\t\t<\/a>\n\t\t<\/div>\n\t\t\t\t<\/div>\n\t\t\t\t<\/div>\n\t\t\t\t\t<\/div>\n\t\t<\/div>\n\t\t\t\t<div class=\"elementor-column elementor-col-50 elementor-top-column elementor-element elementor-element-8f82066\" data-id=\"8f82066\" data-element_type=\"column\">\n\t\t\t<div class=\"elementor-widget-wrap elementor-element-populated\">\n\t\t\t\t\t\t<div data-dce-background-color=\"#1C1735\" class=\"elementor-element elementor-element-12b97d0 elementor-align-justify elementor-widget elementor-widget-button\" data-id=\"12b97d0\" data-element_type=\"widget\" data-widget_type=\"button.default\">\n\t\t\t\t<div class=\"elementor-widget-container\">\n\t\t\t\t\t<div class=\"elementor-button-wrapper\">\n\t\t\t<a class=\"elementor-button elementor-button-link elementor-size-sm\" href=\"http:\/\/iatse.co\/powerthepolls\">\n\t\t\t\t\t\t<span class=\"elementor-button-content-wrapper\">\n\t\t\t\t\t\t<span class=\"elementor-button-text\">S'inscrire en tant que membre du personnel \u00e9lectoral<\/span>\n\t\t<\/span>\n\t\t\t\t\t<\/a>\n\t\t<\/div>\n\t\t\t\t<\/div>\n\t\t\t\t<\/div>\n\t\t\t\t\t<\/div>\n\t\t<\/div>\n\t\t\t\t\t<\/div>\n\t\t<\/section>\n\t\t\t\t<section class=\"elementor-section elementor-top-section elementor-element elementor-element-22b6522 elementor-section-boxed elementor-section-height-default elementor-section-height-default\" data-id=\"22b6522\" data-element_type=\"section\">\n\t\t\t\t\t\t<div class=\"elementor-container elementor-column-gap-default\">\n\t\t\t\t\t<div class=\"elementor-column elementor-col-100 elementor-top-column elementor-element elementor-element-3a21d22\" data-id=\"3a21d22\" data-element_type=\"column\">\n\t\t\t<div class=\"elementor-widget-wrap elementor-element-populated\">\n\t\t\t\t\t\t<div class=\"elementor-element elementor-element-92b54f1 elementor-widget elementor-widget-text-editor\" data-id=\"92b54f1\" data-element_type=\"widget\" data-widget_type=\"text-editor.default\">\n\t\t\t\t<div class=\"elementor-widget-container\">\n\t\t\t\t\t\t\t<p><br \/>Si vous rencontrez des difficult\u00e9s pour d\u00e9poser votre bulletin de vote le jour du scrutin, appelez le bureau de vote de la Commission europ\u00e9enne. <strong>Ligne directe pour la protection des \u00e9lecteurs : 866-687-8683<\/strong> (Espagnol : 888-839-8682)<\/p><p>Nous encourageons nos membres de l'ºìÌÒÊÓÆµ\u00e0 voter pour des candidats pro-travailleurs \u00e0 tous les niveaux du scrutin. Le site <a href=\"https:\/\/aflcio.org\/legislative-scorecard\">Fiche d'\u00e9valuation l\u00e9gislative de l'AFL-CIO<\/a> vous permet de conna\u00eetre les r\u00e9sultats du vote des repr\u00e9sentants f\u00e9d\u00e9raux \u00e0 la Chambre et au S\u00e9nat des \u00c9tats-Unis sur les questions importantes pour les travailleurs. Les f\u00e9d\u00e9rations d'\u00c9tat et les conseils centraux du travail de l'AFL-CIO votent \u00e9galement et publient une liste de candidats soutenus qui se pr\u00e9sentent aux \u00e9lections dans votre r\u00e9gion, avant chaque \u00e9lection.<\/p><p>Ressources suppl\u00e9mentaires :<\/p><ul><li><a href=\"https:\/\/www.USA.gov\/voting\">https:\/\/www.USA.gov\/voting<\/a><\/li><li><a href=\"https:\/\/vote.gov\/\">https:\/\/vote.gov\/<\/a><\/li><li><a href=\"https:\/\/www.vote.org\">https:\/\/www.vote.org<\/a><\/li><li><a href=\"https:\/\/www.usvotefoundation.org\/\">https:\/\/www.usvotefoundation.org\/<\/a><\/li><\/ul>\t\t\t\t\t\t<\/div>\n\t\t\t\t<\/div>\n\t\t\t\t\t<\/div>\n\t\t<\/div>\n\t\t\t\t\t<\/div>\n\t\t<\/section>\n\t\t\t\t<\/div>","protected":false},"excerpt":{"rendered":"<p>L'adh\u00e9sion syndicale est fondamentalement li\u00e9e au devoir civique et au processus d\u00e9mocratique du vote. Comme ces derni\u00e8res ann\u00e9es l'ont montr\u00e9 de mani\u00e8re frappante, les \u00e9lections ont des cons\u00e9quences qui touchent directement les travailleurs des coulisses du spectacle de l'ºìÌÒÊÓÆµ[...].<\/p>","protected":false},"author":8,"featured_media":7732,"parent":1449,"menu_order":0,"comment_status":"closed","ping_status":"closed","template":"","meta":{"_acf_changed":false,"_monsterinsights_skip_tracking":false,"_monsterinsights_sitenote_active":false,"_monsterinsights_sitenote_note":"","_monsterinsights_sitenote_category":0,"footnotes":""},"yoast_head":"<!-- This site is optimized with the Yoast SEO plugin v23.5 - https:\/\/yoast.com\/wordpress\/plugins\/seo\/ -->\n<title>ºìÌÒÊÓÆµVoter Toolkit - IATSE, The Union Behind Entertainment<\/title>\n<meta name=\"robots\" content=\"index, follow, max-snippet:-1, max-image-preview:large, max-video-preview:-1\" \/>\n<link rel=\"canonical\" href=\"https:\/\/iatse.net\/fr\/political-legislative\/iatse-voter-toolkit\/\" \/>\n<meta property=\"og:locale\" content=\"fr_CA\" \/>\n<meta property=\"og:type\" content=\"article\" \/>\n<meta property=\"og:title\" content=\"ºìÌÒÊÓÆµVoter Toolkit - IATSE, The Union Behind Entertainment\" \/>\n<meta property=\"og:description\" content=\"Union membership is fundamentally tied to civic duty and the democratic process of voting. As recent years have starkly shown, elections have consequences that directly impact ºìÌÒÊÓÆµbehind-the-scenes entertainment workers [&hellip;]\" \/>\n<meta property=\"og:url\" content=\"https:\/\/iatse.net\/fr\/political-legislative\/iatse-voter-toolkit\/\" \/>\n<meta property=\"og:site_name\" content=\"IATSE\" \/>\n<meta property=\"article:modified_time\" content=\"2024-08-06T16:53:24+00:00\" \/>\n<meta property=\"og:image\" content=\"https:\/\/iatse.net\/wp-content\/uploads\/2021\/11\/IMG_7870-scaled-e1636060084830.jpg\" \/>\n\t<meta property=\"og:image:width\" content=\"1602\" \/>\n\t<meta property=\"og:image:height\" content=\"906\" \/>\n\t<meta property=\"og:image:type\" content=\"image\/jpeg\" \/>\n<meta name=\"twitter:card\" content=\"summary_large_image\" \/>\n<meta name=\"twitter:label1\" content=\"Estimation du temps de lecture\" \/>\n\t<meta name=\"twitter:data1\" content=\"1 minute\" \/>\n<script type=\"application\/ld+json\" class=\"yoast-schema-graph\">{\"@context\":\"https:\/\/schema.org\",\"@graph\":[{\"@type\":\"WebPage\",\"@id\":\"https:\/\/iatse.net\/political-legislative\/iatse-voter-toolkit\/\",\"url\":\"https:\/\/iatse.net\/political-legislative\/iatse-voter-toolkit\/\",\"name\":\"ºìÌÒÊÓÆµVoter Toolkit - IATSE, The Union Behind Entertainment\",\"isPartOf\":{\"@id\":\"https:\/\/iatse.net\/#website\"},\"primaryImageOfPage\":{\"@id\":\"https:\/\/iatse.net\/political-legislative\/iatse-voter-toolkit\/#primaryimage\"},\"image\":{\"@id\":\"https:\/\/iatse.net\/political-legislative\/iatse-voter-toolkit\/#primaryimage\"},\"thumbnailUrl\":\"https:\/\/iatse.net\/wp-content\/uploads\/2021\/11\/IMG_7870-scaled-e1636060084830.jpg\",\"datePublished\":\"2022-06-13T20:21:58+00:00\",\"dateModified\":\"2024-08-06T16:53:24+00:00\",\"breadcrumb\":{\"@id\":\"https:\/\/iatse.net\/political-legislative\/iatse-voter-toolkit\/#breadcrumb\"},\"inLanguage\":\"fr-CA\",\"potentialAction\":[{\"@type\":\"ReadAction\",\"target\":[\"https:\/\/iatse.net\/political-legislative\/iatse-voter-toolkit\/\"]}]},{\"@type\":\"ImageObject\",\"inLanguage\":\"fr-CA\",\"@id\":\"https:\/\/iatse.net\/political-legislative\/iatse-voter-toolkit\/#primaryimage\",\"url\":\"https:\/\/iatse.net\/wp-content\/uploads\/2021\/11\/IMG_7870-scaled-e1636060084830.jpg\",\"contentUrl\":\"https:\/\/iatse.net\/wp-content\/uploads\/2021\/11\/IMG_7870-scaled-e1636060084830.jpg\",\"width\":1602,\"height\":906},{\"@type\":\"BreadcrumbList\",\"@id\":\"https:\/\/iatse.net\/political-legislative\/iatse-voter-toolkit\/#breadcrumb\",\"itemListElement\":[{\"@type\":\"ListItem\",\"position\":1,\"name\":\"Home\",\"item\":\"https:\/\/iatse.net\/\"},{\"@type\":\"ListItem\",\"position\":2,\"name\":\"Political \/ Legislative\",\"item\":\"https:\/\/iatse.net\/political-legislative\/\"},{\"@type\":\"ListItem\",\"position\":3,\"name\":\"ºìÌÒÊÓÆµVoter Toolkit\"}]},{\"@type\":\"WebSite\",\"@id\":\"https:\/\/iatse.net\/#website\",\"url\":\"https:\/\/iatse.net\/\",\"name\":\"IATSE\",\"description\":\"The Union Behind Entertainment\",\"publisher\":{\"@id\":\"https:\/\/iatse.net\/#organization\"},\"potentialAction\":[{\"@type\":\"SearchAction\",\"target\":{\"@type\":\"EntryPoint\",\"urlTemplate\":\"https:\/\/iatse.net\/?s={search_term_string}\"},\"query-input\":{\"@type\":\"PropertyValueSpecification\",\"valueRequired\":true,\"valueName\":\"search_term_string\"}}],\"inLanguage\":\"fr-CA\"},{\"@type\":\"Organization\",\"@id\":\"https:\/\/iatse.net\/#organization\",\"name\":\"IATSE\",\"url\":\"https:\/\/iatse.net\/\",\"logo\":{\"@type\":\"ImageObject\",\"inLanguage\":\"fr-CA\",\"@id\":\"https:\/\/iatse.net\/#\/schema\/logo\/image\/\",\"url\":\"https:\/\/iatse.net\/wp-content\/uploads\/2021\/03\/IATSE_Logo_White.png\",\"contentUrl\":\"https:\/\/iatse.net\/wp-content\/uploads\/2021\/03\/IATSE_Logo_White.png\",\"width\":2100,\"height\":1987,\"caption\":\"IATSE\"},\"image\":{\"@id\":\"https:\/\/iatse.net\/#\/schema\/logo\/image\/\"}}]}<\/script>\n<!-- \/ Yoast SEO plugin. -->","yoast_head_json":{"title":"ºìÌÒÊÓÆµVoter Toolkit - IATSE, The Union Behind Entertainment","robots":{"index":"index","follow":"follow","max-snippet":"max-snippet:-1","max-image-preview":"max-image-preview:large","max-video-preview":"max-video-preview:-1"},"canonical":"https:\/\/iatse.net\/fr\/political-legislative\/iatse-voter-toolkit\/","og_locale":"fr_CA","og_type":"article","og_title":"ºìÌÒÊÓÆµVoter Toolkit - IATSE, The Union Behind Entertainment","og_description":"Union membership is fundamentally tied to civic duty and the democratic process of voting. As recent years have starkly shown, elections have consequences that directly impact ºìÌÒÊÓÆµbehind-the-scenes entertainment workers [&hellip;]","og_url":"https:\/\/iatse.net\/fr\/political-legislative\/iatse-voter-toolkit\/","og_site_name":"IATSE","article_modified_time":"2024-08-06T16:53:24+00:00","og_image":[{"width":1602,"height":906,"url":"https:\/\/iatse.net\/wp-content\/uploads\/2021\/11\/IMG_7870-scaled-e1636060084830.jpg","type":"image\/jpeg"}],"twitter_card":"summary_large_image","twitter_misc":{"Estimation du temps de lecture":"1 minute"},"schema":{"@context":"https:\/\/schema.org","@graph":[{"@type":"WebPage","@id":"https:\/\/iatse.net\/political-legislative\/iatse-voter-toolkit\/","url":"https:\/\/iatse.net\/political-legislative\/iatse-voter-toolkit\/","name":"ºìÌÒÊÓÆµVoter Toolkit - IATSE, The Union Behind Entertainment","isPartOf":{"@id":"https:\/\/iatse.net\/#website"},"primaryImageOfPage":{"@id":"https:\/\/iatse.net\/political-legislative\/iatse-voter-toolkit\/#primaryimage"},"image":{"@id":"https:\/\/iatse.net\/political-legislative\/iatse-voter-toolkit\/#primaryimage"},"thumbnailUrl":"https:\/\/iatse.net\/wp-content\/uploads\/2021\/11\/IMG_7870-scaled-e1636060084830.jpg","datePublished":"2022-06-13T20:21:58+00:00","dateModified":"2024-08-06T16:53:24+00:00","breadcrumb":{"@id":"https:\/\/iatse.net\/political-legislative\/iatse-voter-toolkit\/#breadcrumb"},"inLanguage":"fr-CA","potentialAction":[{"@type":"ReadAction","target":["https:\/\/iatse.net\/political-legislative\/iatse-voter-toolkit\/"]}]},{"@type":"ImageObject","inLanguage":"fr-CA","@id":"https:\/\/iatse.net\/political-legislative\/iatse-voter-toolkit\/#primaryimage","url":"https:\/\/iatse.net\/wp-content\/uploads\/2021\/11\/IMG_7870-scaled-e1636060084830.jpg","contentUrl":"https:\/\/iatse.net\/wp-content\/uploads\/2021\/11\/IMG_7870-scaled-e1636060084830.jpg","width":1602,"height":906},{"@type":"BreadcrumbList","@id":"https:\/\/iatse.net\/political-legislative\/iatse-voter-toolkit\/#breadcrumb","itemListElement":[{"@type":"ListItem","position":1,"name":"Home","item":"https:\/\/iatse.net\/"},{"@type":"ListItem","position":2,"name":"Political \/ Legislative","item":"https:\/\/iatse.net\/political-legislative\/"},{"@type":"ListItem","position":3,"name":"ºìÌÒÊÓÆµVoter Toolkit"}]},{"@type":"WebSite","@id":"https:\/\/iatse.net\/#website","url":"https:\/\/iatse.net\/","name":"IATSE","description":"The Union Behind Entertainment","publisher":{"@id":"https:\/\/iatse.net\/#organization"},"potentialAction":[{"@type":"SearchAction","target":{"@type":"EntryPoint","urlTemplate":"https:\/\/iatse.net\/?s={search_term_string}"},"query-input":{"@type":"PropertyValueSpecification","valueRequired":true,"valueName":"search_term_string"}}],"inLanguage":"fr-CA"},{"@type":"Organization","@id":"https:\/\/iatse.net\/#organization","name":"IATSE","url":"https:\/\/iatse.net\/","logo":{"@type":"ImageObject","inLanguage":"fr-CA","@id":"https:\/\/iatse.net\/#\/schema\/logo\/image\/","url":"https:\/\/iatse.net\/wp-content\/uploads\/2021\/03\/IATSE_Logo_White.png","contentUrl":"https:\/\/iatse.net\/wp-content\/uploads\/2021\/03\/IATSE_Logo_White.png","width":2100,"height":1987,"caption":"IATSE"},"image":{"@id":"https:\/\/iatse.net\/#\/schema\/logo\/image\/"}}]}},"acf":[],"_links":{"self":[{"href":"https:\/\/iatse.net\/fr\/wp-json\/wp\/v2\/pages\/10076"}],"collection":[{"href":"https:\/\/iatse.net\/fr\/wp-json\/wp\/v2\/pages"}],"about":[{"href":"https:\/\/iatse.net\/fr\/wp-json\/wp\/v2\/types\/page"}],"author":[{"embeddable":true,"href":"https:\/\/iatse.net\/fr\/wp-json\/wp\/v2\/users\/8"}],"replies":[{"embeddable":true,"href":"https:\/\/iatse.net\/fr\/wp-json\/wp\/v2\/comments?post=10076"}],"version-history":[{"count":19,"href":"https:\/\/iatse.net\/fr\/wp-json\/wp\/v2\/pages\/10076\/revisions"}],"predecessor-version":[{"id":17744,"href":"https:\/\/iatse.net\/fr\/wp-json\/wp\/v2\/pages\/10076\/revisions\/17744"}],"up":[{"embeddable":true,"href":"https:\/\/iatse.net\/fr\/wp-json\/wp\/v2\/pages\/1449"}],"wp:featuredmedia":[{"embeddable":true,"href":"https:\/\/iatse.net\/fr\/wp-json\/wp\/v2\/media\/7732"}],"wp:attachment":[{"href":"https:\/\/iatse.net\/fr\/wp-json\/wp\/v2\/media?parent=10076"}],"curies":[{"name":"wp","href":"https:\/\/api.w.org\/{rel}","templated":true}]}}