  {"id":13631,"date":"2023-05-26T13:28:23","date_gmt":"2023-05-26T17:28:23","guid":{"rendered":"https:\/\/iatse.net\/?page_id=13631"},"modified":"2023-06-13T16:22:14","modified_gmt":"2023-06-13T20:22:14","slug":"andy-garner-flexner","status":"publish","type":"page","link":"https:\/\/iatse.net\/fr\/2023-member-census\/andy-garner-flexner\/","title":{"rendered":"Andy Garner-Flexner"},"content":{"rendered":"<div data-elementor-type=\"wp-page\" data-elementor-id=\"13631\" class=\"elementor elementor-13631\">\n\t\t\t\t\t\t<section class=\"elementor-section elementor-top-section elementor-element elementor-element-6abdca5 elementor-section-boxed elementor-section-height-default elementor-section-height-default\" data-id=\"6abdca5\" data-element_type=\"section\">\n\t\t\t\t\t\t<div class=\"elementor-container elementor-column-gap-default\">\n\t\t\t\t\t<div class=\"elementor-column elementor-col-100 elementor-top-column elementor-element elementor-element-6e1b774\" data-id=\"6e1b774\" data-element_type=\"column\">\n\t\t\t<div class=\"elementor-widget-wrap elementor-element-populated\">\n\t\t\t\t\t\t<div class=\"elementor-element elementor-element-0c10961 elementor-widget elementor-widget-global elementor-global-726 elementor-widget-heading\" data-id=\"0c10961\" data-element_type=\"widget\" data-widget_type=\"heading.default\">\n\t\t\t\t<div class=\"elementor-widget-container\">\n\t\t\t<h2 class=\"elementor-heading-title elementor-size-default\">Andy Garner-Flexner<\/h2>\t\t<\/div>\n\t\t\t\t<\/div>\n\t\t\t\t<div class=\"elementor-element elementor-element-e8b4d71 elementor-widget elementor-widget-theme-post-featured-image elementor-widget-image\" data-id=\"e8b4d71\" data-element_type=\"widget\" data-widget_type=\"theme-post-featured-image.default\">\n\t\t\t\t<div class=\"elementor-widget-container\">\n\t\t\t\t\t\t\t\t\t\t\t\t\t<img fetchpriority=\"high\" decoding=\"async\" width=\"800\" height=\"998\" src=\"https:\/\/iatse.net\/wp-content\/uploads\/2023\/05\/AndyGFlex_1_crop-821x1024.jpg\" class=\"attachment-large size-large wp-image-13655\" alt=\"\" srcset=\"https:\/\/iatse.net\/wp-content\/uploads\/2023\/05\/AndyGFlex_1_crop-821x1024.jpg 821w, https:\/\/iatse.net\/wp-content\/uploads\/2023\/05\/AndyGFlex_1_crop-241x300.jpg 241w, https:\/\/iatse.net\/wp-content\/uploads\/2023\/05\/AndyGFlex_1_crop-768x958.jpg 768w, https:\/\/iatse.net\/wp-content\/uploads\/2023\/05\/AndyGFlex_1_crop-10x12.jpg 10w, https:\/\/iatse.net\/wp-content\/uploads\/2023\/05\/AndyGFlex_1_crop.jpg 1082w\" sizes=\"(max-width: 800px) 100vw, 800px\" \/>\t\t\t\t\t\t\t\t\t\t\t\t\t<\/div>\n\t\t\t\t<\/div>\n\t\t\t\t<div class=\"elementor-element elementor-element-45df38cb elementor-widget elementor-widget-text-editor\" data-id=\"45df38cb\" data-element_type=\"widget\" data-widget_type=\"text-editor.default\">\n\t\t\t\t<div class=\"elementor-widget-container\">\n\t\t\t\t\t\t\t<!-- wp:paragraph -->\n<p>(Il\/Elle) Artiste queer et d\u00e9fenseur de l'animation et des droits des travailleurs, avec plus de 10 ans d'exp\u00e9rience dans l'animation et le leadership. Pr\u00e9sidente du comit\u00e9 Queer\/Trans de l'Animation Guild, elle veille \u00e0 ce que les voix LGBTQIA+ soient entendues et repr\u00e9sent\u00e9es dans l'industrie de l'animation. Elle estime qu'il est essentiel que les personnes queer et trans soient visibles dans l'industrie, non seulement pour promouvoir la diversit\u00e9, mais aussi pour donner aux autres personnes queer et trans la confiance n\u00e9cessaire pour poursuivre leurs r\u00eaves dans le domaine de l'animation. Un artiste et un d\u00e9fenseur passionn\u00e9s et d\u00e9vou\u00e9s qui ont apport\u00e9 une contribution significative au secteur de l'animation et \u00e0 la communaut\u00e9 LGBTQIA+. Leur leadership et leur travail de plaidoyer ont contribu\u00e9 \u00e0 faire de l'industrie un lieu plus inclusif et plus accueillant pour tous.\u00a0<\/p>\n<!-- \/wp:paragraph --><!-- wp:paragraph -->\n<p><span style=\"text-decoration: underline;\"><strong><a href=\"https:\/\/iatse.net\/fr\/2023-member-census\/\">Cliquez ici pour retourner \u00e0 la bo\u00eete \u00e0 outils du recensement des membres 2023.<\/a><\/strong><\/span><\/p>\n<!-- \/wp:paragraph -->\t\t\t\t\t\t<\/div>\n\t\t\t\t<\/div>\n\t\t\t\t\t<\/div>\n\t\t<\/div>\n\t\t\t\t\t<\/div>\n\t\t<\/section>\n\t\t\t\t<\/div>","protected":false},"excerpt":{"rendered":"<p>(Il\/Elle) Artiste queer et d\u00e9fenseur de l'animation et des droits des travailleurs, avec plus de 10 ans d'exp\u00e9rience dans l'animation et le leadership. Pr\u00e9sident du Comit\u00e9 Queer\/Trans de l'Animation Guild - [...]<\/p>","protected":false},"author":4,"featured_media":13655,"parent":13370,"menu_order":0,"comment_status":"closed","ping_status":"closed","template":"elementor_header_footer","meta":{"_acf_changed":false,"_monsterinsights_skip_tracking":false,"_monsterinsights_sitenote_active":false,"_monsterinsights_sitenote_note":"","_monsterinsights_sitenote_category":0,"footnotes":""},"yoast_head":"<!-- This site is optimized with the Yoast SEO plugin v23.5 - https:\/\/yoast.com\/wordpress\/plugins\/seo\/ -->\n<title>Andy Garner-Flexner - IATSE, The Union Behind Entertainment<\/title>\n<meta name=\"robots\" content=\"index, follow, max-snippet:-1, max-image-preview:large, max-video-preview:-1\" \/>\n<link rel=\"canonical\" href=\"https:\/\/iatse.net\/fr\/2023-member-census\/andy-garner-flexner\/\" \/>\n<meta property=\"og:locale\" content=\"fr_CA\" \/>\n<meta property=\"og:type\" content=\"article\" \/>\n<meta property=\"og:title\" content=\"Andy Garner-Flexner - IATSE, The Union Behind Entertainment\" \/>\n<meta property=\"og:description\" content=\"(He\/They) A Queer artist and advocate for animation and workers\u2019 rights with 10+ years of experience in animation and leadership. Chair of the Queer\/Trans Committee for The Animation Guild &#8211; [&hellip;]\" \/>\n<meta property=\"og:url\" content=\"https:\/\/iatse.net\/fr\/2023-member-census\/andy-garner-flexner\/\" \/>\n<meta property=\"og:site_name\" content=\"IATSE\" \/>\n<meta property=\"article:modified_time\" content=\"2023-06-13T20:22:14+00:00\" \/>\n<meta property=\"og:image\" content=\"https:\/\/iatse.net\/wp-content\/uploads\/2023\/05\/AndyGFlex_1_crop.jpg\" \/>\n\t<meta property=\"og:image:width\" content=\"1082\" \/>\n\t<meta property=\"og:image:height\" content=\"1349\" \/>\n\t<meta property=\"og:image:type\" content=\"image\/jpeg\" \/>\n<meta name=\"twitter:card\" content=\"summary_large_image\" \/>\n<meta name=\"twitter:label1\" content=\"Estimation du temps de lecture\" \/>\n\t<meta name=\"twitter:data1\" content=\"1 minute\" \/>\n<script type=\"application\/ld+json\" class=\"yoast-schema-graph\">{\"@context\":\"https:\/\/schema.org\",\"@graph\":[{\"@type\":\"WebPage\",\"@id\":\"https:\/\/iatse.net\/2023-member-census\/andy-garner-flexner\/\",\"url\":\"https:\/\/iatse.net\/2023-member-census\/andy-garner-flexner\/\",\"name\":\"Andy Garner-Flexner - IATSE, The Union Behind Entertainment\",\"isPartOf\":{\"@id\":\"https:\/\/iatse.net\/#website\"},\"primaryImageOfPage\":{\"@id\":\"https:\/\/iatse.net\/2023-member-census\/andy-garner-flexner\/#primaryimage\"},\"image\":{\"@id\":\"https:\/\/iatse.net\/2023-member-census\/andy-garner-flexner\/#primaryimage\"},\"thumbnailUrl\":\"https:\/\/iatse.net\/wp-content\/uploads\/2023\/05\/AndyGFlex_1_crop.jpg\",\"datePublished\":\"2023-05-26T17:28:23+00:00\",\"dateModified\":\"2023-06-13T20:22:14+00:00\",\"breadcrumb\":{\"@id\":\"https:\/\/iatse.net\/2023-member-census\/andy-garner-flexner\/#breadcrumb\"},\"inLanguage\":\"fr-CA\",\"potentialAction\":[{\"@type\":\"ReadAction\",\"target\":[\"https:\/\/iatse.net\/2023-member-census\/andy-garner-flexner\/\"]}]},{\"@type\":\"ImageObject\",\"inLanguage\":\"fr-CA\",\"@id\":\"https:\/\/iatse.net\/2023-member-census\/andy-garner-flexner\/#primaryimage\",\"url\":\"https:\/\/iatse.net\/wp-content\/uploads\/2023\/05\/AndyGFlex_1_crop.jpg\",\"contentUrl\":\"https:\/\/iatse.net\/wp-content\/uploads\/2023\/05\/AndyGFlex_1_crop.jpg\",\"width\":1082,\"height\":1349},{\"@type\":\"BreadcrumbList\",\"@id\":\"https:\/\/iatse.net\/2023-member-census\/andy-garner-flexner\/#breadcrumb\",\"itemListElement\":[{\"@type\":\"ListItem\",\"position\":1,\"name\":\"Home\",\"item\":\"https:\/\/iatse.net\/\"},{\"@type\":\"ListItem\",\"position\":2,\"name\":\"2023 Member Census Toolkit\",\"item\":\"https:\/\/iatse.net\/2023-member-census\/\"},{\"@type\":\"ListItem\",\"position\":3,\"name\":\"Andy Garner-Flexner\"}]},{\"@type\":\"WebSite\",\"@id\":\"https:\/\/iatse.net\/#website\",\"url\":\"https:\/\/iatse.net\/\",\"name\":\"IATSE\",\"description\":\"The Union Behind Entertainment\",\"publisher\":{\"@id\":\"https:\/\/iatse.net\/#organization\"},\"potentialAction\":[{\"@type\":\"SearchAction\",\"target\":{\"@type\":\"EntryPoint\",\"urlTemplate\":\"https:\/\/iatse.net\/?s={search_term_string}\"},\"query-input\":{\"@type\":\"PropertyValueSpecification\",\"valueRequired\":true,\"valueName\":\"search_term_string\"}}],\"inLanguage\":\"fr-CA\"},{\"@type\":\"Organization\",\"@id\":\"https:\/\/iatse.net\/#organization\",\"name\":\"IATSE\",\"url\":\"https:\/\/iatse.net\/\",\"logo\":{\"@type\":\"ImageObject\",\"inLanguage\":\"fr-CA\",\"@id\":\"https:\/\/iatse.net\/#\/schema\/logo\/image\/\",\"url\":\"https:\/\/iatse.net\/wp-content\/uploads\/2021\/03\/IATSE_Logo_White.png\",\"contentUrl\":\"https:\/\/iatse.net\/wp-content\/uploads\/2021\/03\/IATSE_Logo_White.png\",\"width\":2100,\"height\":1987,\"caption\":\"IATSE\"},\"image\":{\"@id\":\"https:\/\/iatse.net\/#\/schema\/logo\/image\/\"}}]}<\/script>\n<!-- \/ Yoast SEO plugin. -->","yoast_head_json":{"title":"Andy Garner-Flexner - IATSE, The Union Behind Entertainment","robots":{"index":"index","follow":"follow","max-snippet":"max-snippet:-1","max-image-preview":"max-image-preview:large","max-video-preview":"max-video-preview:-1"},"canonical":"https:\/\/iatse.net\/fr\/2023-member-census\/andy-garner-flexner\/","og_locale":"fr_CA","og_type":"article","og_title":"Andy Garner-Flexner - IATSE, The Union Behind Entertainment","og_description":"(He\/They) A Queer artist and advocate for animation and workers\u2019 rights with 10+ years of experience in animation and leadership. Chair of the Queer\/Trans Committee for The Animation Guild &#8211; [&hellip;]","og_url":"https:\/\/iatse.net\/fr\/2023-member-census\/andy-garner-flexner\/","og_site_name":"IATSE","article_modified_time":"2023-06-13T20:22:14+00:00","og_image":[{"width":1082,"height":1349,"url":"https:\/\/iatse.net\/wp-content\/uploads\/2023\/05\/AndyGFlex_1_crop.jpg","type":"image\/jpeg"}],"twitter_card":"summary_large_image","twitter_misc":{"Estimation du temps de lecture":"1 minute"},"schema":{"@context":"https:\/\/schema.org","@graph":[{"@type":"WebPage","@id":"https:\/\/iatse.net\/2023-member-census\/andy-garner-flexner\/","url":"https:\/\/iatse.net\/2023-member-census\/andy-garner-flexner\/","name":"Andy Garner-Flexner - IATSE, The Union Behind Entertainment","isPartOf":{"@id":"https:\/\/iatse.net\/#website"},"primaryImageOfPage":{"@id":"https:\/\/iatse.net\/2023-member-census\/andy-garner-flexner\/#primaryimage"},"image":{"@id":"https:\/\/iatse.net\/2023-member-census\/andy-garner-flexner\/#primaryimage"},"thumbnailUrl":"https:\/\/iatse.net\/wp-content\/uploads\/2023\/05\/AndyGFlex_1_crop.jpg","datePublished":"2023-05-26T17:28:23+00:00","dateModified":"2023-06-13T20:22:14+00:00","breadcrumb":{"@id":"https:\/\/iatse.net\/2023-member-census\/andy-garner-flexner\/#breadcrumb"},"inLanguage":"fr-CA","potentialAction":[{"@type":"ReadAction","target":["https:\/\/iatse.net\/2023-member-census\/andy-garner-flexner\/"]}]},{"@type":"ImageObject","inLanguage":"fr-CA","@id":"https:\/\/iatse.net\/2023-member-census\/andy-garner-flexner\/#primaryimage","url":"https:\/\/iatse.net\/wp-content\/uploads\/2023\/05\/AndyGFlex_1_crop.jpg","contentUrl":"https:\/\/iatse.net\/wp-content\/uploads\/2023\/05\/AndyGFlex_1_crop.jpg","width":1082,"height":1349},{"@type":"BreadcrumbList","@id":"https:\/\/iatse.net\/2023-member-census\/andy-garner-flexner\/#breadcrumb","itemListElement":[{"@type":"ListItem","position":1,"name":"Home","item":"https:\/\/iatse.net\/"},{"@type":"ListItem","position":2,"name":"2023 Member Census Toolkit","item":"https:\/\/iatse.net\/2023-member-census\/"},{"@type":"ListItem","position":3,"name":"Andy Garner-Flexner"}]},{"@type":"WebSite","@id":"https:\/\/iatse.net\/#website","url":"https:\/\/iatse.net\/","name":"IATSE","description":"The Union Behind Entertainment","publisher":{"@id":"https:\/\/iatse.net\/#organization"},"potentialAction":[{"@type":"SearchAction","target":{"@type":"EntryPoint","urlTemplate":"https:\/\/iatse.net\/?s={search_term_string}"},"query-input":{"@type":"PropertyValueSpecification","valueRequired":true,"valueName":"search_term_string"}}],"inLanguage":"fr-CA"},{"@type":"Organization","@id":"https:\/\/iatse.net\/#organization","name":"IATSE","url":"https:\/\/iatse.net\/","logo":{"@type":"ImageObject","inLanguage":"fr-CA","@id":"https:\/\/iatse.net\/#\/schema\/logo\/image\/","url":"https:\/\/iatse.net\/wp-content\/uploads\/2021\/03\/IATSE_Logo_White.png","contentUrl":"https:\/\/iatse.net\/wp-content\/uploads\/2021\/03\/IATSE_Logo_White.png","width":2100,"height":1987,"caption":"IATSE"},"image":{"@id":"https:\/\/iatse.net\/#\/schema\/logo\/image\/"}}]}},"acf":[],"_links":{"self":[{"href":"https:\/\/iatse.net\/fr\/wp-json\/wp\/v2\/pages\/13631"}],"collection":[{"href":"https:\/\/iatse.net\/fr\/wp-json\/wp\/v2\/pages"}],"about":[{"href":"https:\/\/iatse.net\/fr\/wp-json\/wp\/v2\/types\/page"}],"author":[{"embeddable":true,"href":"https:\/\/iatse.net\/fr\/wp-json\/wp\/v2\/users\/4"}],"replies":[{"embeddable":true,"href":"https:\/\/iatse.net\/fr\/wp-json\/wp\/v2\/comments?post=13631"}],"version-history":[{"count":6,"href":"https:\/\/iatse.net\/fr\/wp-json\/wp\/v2\/pages\/13631\/revisions"}],"predecessor-version":[{"id":14018,"href":"https:\/\/iatse.net\/fr\/wp-json\/wp\/v2\/pages\/13631\/revisions\/14018"}],"up":[{"embeddable":true,"href":"https:\/\/iatse.net\/fr\/wp-json\/wp\/v2\/pages\/13370"}],"wp:featuredmedia":[{"embeddable":true,"href":"https:\/\/iatse.net\/fr\/wp-json\/wp\/v2\/media\/13655"}],"wp:attachment":[{"href":"https:\/\/iatse.net\/fr\/wp-json\/wp\/v2\/media?parent=13631"}],"curies":[{"name":"wp","href":"https:\/\/api.w.org\/{rel}","templated":true}]}}