  {"id":13643,"date":"2023-05-25T17:06:36","date_gmt":"2023-05-25T21:06:36","guid":{"rendered":"https:\/\/iatse.net\/?page_id=13643"},"modified":"2023-06-13T16:28:28","modified_gmt":"2023-06-13T20:28:28","slug":"melanie-barnett-stubberfield","status":"publish","type":"page","link":"https:\/\/iatse.net\/fr\/2023-member-census\/melanie-barnett-stubberfield\/","title":{"rendered":"Melanie Barnett-Stubberfield\u00a0"},"content":{"rendered":"<div data-elementor-type=\"wp-page\" data-elementor-id=\"13643\" class=\"elementor elementor-13643\">\n\t\t\t\t\t\t<section class=\"elementor-section elementor-top-section elementor-element elementor-element-46a8566 elementor-section-boxed elementor-section-height-default elementor-section-height-default\" data-id=\"46a8566\" data-element_type=\"section\">\n\t\t\t\t\t\t<div class=\"elementor-container elementor-column-gap-default\">\n\t\t\t\t\t<div class=\"elementor-column elementor-col-100 elementor-top-column elementor-element elementor-element-ec00393\" data-id=\"ec00393\" data-element_type=\"column\">\n\t\t\t<div class=\"elementor-widget-wrap elementor-element-populated\">\n\t\t\t\t\t\t<div class=\"elementor-element elementor-element-aaf1200 elementor-widget elementor-widget-global elementor-global-726 elementor-widget-heading\" data-id=\"aaf1200\" data-element_type=\"widget\" data-widget_type=\"heading.default\">\n\t\t\t\t<div class=\"elementor-widget-container\">\n\t\t\t<h2 class=\"elementor-heading-title elementor-size-default\">Melanie Barnett-Stubberfield\u00a0<\/h2>\t\t<\/div>\n\t\t\t\t<\/div>\n\t\t\t\t<div class=\"elementor-element elementor-element-145950a elementor-widget elementor-widget-theme-post-featured-image elementor-widget-image\" data-id=\"145950a\" data-element_type=\"widget\" data-widget_type=\"theme-post-featured-image.default\">\n\t\t\t\t<div class=\"elementor-widget-container\">\n\t\t\t\t\t\t\t\t\t\t\t\t\t<img fetchpriority=\"high\" decoding=\"async\" width=\"377\" height=\"389\" src=\"https:\/\/iatse.net\/wp-content\/uploads\/2023\/05\/Melanie-Barnett-S.jpg\" class=\"attachment-large size-large wp-image-13693\" alt=\"\" srcset=\"https:\/\/iatse.net\/wp-content\/uploads\/2023\/05\/Melanie-Barnett-S.jpg 377w, https:\/\/iatse.net\/wp-content\/uploads\/2023\/05\/Melanie-Barnett-S-291x300.jpg 291w, https:\/\/iatse.net\/wp-content\/uploads\/2023\/05\/Melanie-Barnett-S-12x12.jpg 12w\" sizes=\"(max-width: 377px) 100vw, 377px\" \/>\t\t\t\t\t\t\t\t\t\t\t\t\t<\/div>\n\t\t\t\t<\/div>\n\t\t\t\t<div class=\"elementor-element elementor-element-54d3cb7a elementor-widget elementor-widget-text-editor\" data-id=\"54d3cb7a\" data-element_type=\"widget\" data-widget_type=\"text-editor.default\">\n\t\t\t\t<div class=\"elementor-widget-container\">\n\t\t\t\t\t\t\t<!-- wp:paragraph -->\n<p>Melanie Barnett-Stubberfield est membre de l'ºìÌÒÊÓÆµdepuis plus de 25 ans. Elle a commenc\u00e9 sa carri\u00e8re au Chicago Regal Theater, mais a commenc\u00e9 \u00e0 travailler avec la section locale 2 de Chicago en 1995 en tant que machiniste. En tant que membre actif de l'IATSE, elle a poursuivi sa formation en obtenant deux ma\u00eetrises. Elle est copr\u00e9sidente du comit\u00e9 de justice sociale de la section locale 2. Melanie a men\u00e9 et particip\u00e9 activement aux initiatives de justice sociale de la section locale 2. Elle est un nouveau membre du Comit\u00e9 international pour la diversit\u00e9, l'\u00e9quit\u00e9 et l'inclusion. Elle se r\u00e9jouit de la croissance continue du comit\u00e9 DEI.\u00a0<\/p>\n<!-- \/wp:paragraph --><!-- wp:paragraph -->\n<p><a href=\"https:\/\/iatse.net\/fr\/2023-member-census\/\"><span style=\"text-decoration: underline;\"><strong>Cliquez ici pour retourner \u00e0 la bo\u00eete \u00e0 outils du recensement des membres 2023.<\/strong><\/span><\/a><\/p>\n<!-- \/wp:paragraph -->\t\t\t\t\t\t<\/div>\n\t\t\t\t<\/div>\n\t\t\t\t\t<\/div>\n\t\t<\/div>\n\t\t\t\t\t<\/div>\n\t\t<\/section>\n\t\t\t\t<\/div>","protected":false},"excerpt":{"rendered":"<p>Melanie Barnett-Stubberfield est membre de l'ºìÌÒÊÓÆµdepuis plus de 25 ans. Elle a commenc\u00e9 sa carri\u00e8re au Chicago Regal Theater mais a commenc\u00e9 \u00e0 travailler avec la section locale 2 de Chicago en 1995 en tant que machiniste. En tant que [...]<\/p>","protected":false},"author":4,"featured_media":13693,"parent":13370,"menu_order":0,"comment_status":"closed","ping_status":"closed","template":"elementor_header_footer","meta":{"_acf_changed":false,"_monsterinsights_skip_tracking":false,"_monsterinsights_sitenote_active":false,"_monsterinsights_sitenote_note":"","_monsterinsights_sitenote_category":0,"footnotes":""},"yoast_head":"<!-- This site is optimized with the Yoast SEO plugin v23.5 - https:\/\/yoast.com\/wordpress\/plugins\/seo\/ -->\n<title>Melanie Barnett-Stubberfield\u00a0 - IATSE, The Union Behind Entertainment<\/title>\n<meta name=\"robots\" content=\"index, follow, max-snippet:-1, max-image-preview:large, max-video-preview:-1\" \/>\n<link rel=\"canonical\" href=\"https:\/\/iatse.net\/fr\/2023-member-census\/melanie-barnett-stubberfield\/\" \/>\n<meta property=\"og:locale\" content=\"fr_CA\" \/>\n<meta property=\"og:type\" content=\"article\" \/>\n<meta property=\"og:title\" content=\"Melanie Barnett-Stubberfield\u00a0 - IATSE, The Union Behind Entertainment\" \/>\n<meta property=\"og:description\" content=\"Melanie Barnett-Stubberfield is a 25-plus member of IATSE. She started her career at the Chicago Regal Theater but started working with Chicago Local 2 in 1995 as a stagehand. As [&hellip;]\" \/>\n<meta property=\"og:url\" content=\"https:\/\/iatse.net\/fr\/2023-member-census\/melanie-barnett-stubberfield\/\" \/>\n<meta property=\"og:site_name\" content=\"IATSE\" \/>\n<meta property=\"article:modified_time\" content=\"2023-06-13T20:28:28+00:00\" \/>\n<meta property=\"og:image\" content=\"https:\/\/iatse.net\/wp-content\/uploads\/2023\/05\/Melanie-Barnett-S.jpg\" \/>\n\t<meta property=\"og:image:width\" content=\"377\" \/>\n\t<meta property=\"og:image:height\" content=\"389\" \/>\n\t<meta property=\"og:image:type\" content=\"image\/jpeg\" \/>\n<meta name=\"twitter:card\" content=\"summary_large_image\" \/>\n<meta name=\"twitter:label1\" content=\"Estimation du temps de lecture\" \/>\n\t<meta name=\"twitter:data1\" content=\"1 minute\" \/>\n<script type=\"application\/ld+json\" class=\"yoast-schema-graph\">{\"@context\":\"https:\/\/schema.org\",\"@graph\":[{\"@type\":\"WebPage\",\"@id\":\"https:\/\/iatse.net\/2023-member-census\/melanie-barnett-stubberfield\/\",\"url\":\"https:\/\/iatse.net\/2023-member-census\/melanie-barnett-stubberfield\/\",\"name\":\"Melanie Barnett-Stubberfield\u00a0 - IATSE, The Union Behind Entertainment\",\"isPartOf\":{\"@id\":\"https:\/\/iatse.net\/#website\"},\"primaryImageOfPage\":{\"@id\":\"https:\/\/iatse.net\/2023-member-census\/melanie-barnett-stubberfield\/#primaryimage\"},\"image\":{\"@id\":\"https:\/\/iatse.net\/2023-member-census\/melanie-barnett-stubberfield\/#primaryimage\"},\"thumbnailUrl\":\"https:\/\/iatse.net\/wp-content\/uploads\/2023\/05\/Melanie-Barnett-S.jpg\",\"datePublished\":\"2023-05-25T21:06:36+00:00\",\"dateModified\":\"2023-06-13T20:28:28+00:00\",\"breadcrumb\":{\"@id\":\"https:\/\/iatse.net\/2023-member-census\/melanie-barnett-stubberfield\/#breadcrumb\"},\"inLanguage\":\"fr-CA\",\"potentialAction\":[{\"@type\":\"ReadAction\",\"target\":[\"https:\/\/iatse.net\/2023-member-census\/melanie-barnett-stubberfield\/\"]}]},{\"@type\":\"ImageObject\",\"inLanguage\":\"fr-CA\",\"@id\":\"https:\/\/iatse.net\/2023-member-census\/melanie-barnett-stubberfield\/#primaryimage\",\"url\":\"https:\/\/iatse.net\/wp-content\/uploads\/2023\/05\/Melanie-Barnett-S.jpg\",\"contentUrl\":\"https:\/\/iatse.net\/wp-content\/uploads\/2023\/05\/Melanie-Barnett-S.jpg\",\"width\":377,\"height\":389},{\"@type\":\"BreadcrumbList\",\"@id\":\"https:\/\/iatse.net\/2023-member-census\/melanie-barnett-stubberfield\/#breadcrumb\",\"itemListElement\":[{\"@type\":\"ListItem\",\"position\":1,\"name\":\"Home\",\"item\":\"https:\/\/iatse.net\/\"},{\"@type\":\"ListItem\",\"position\":2,\"name\":\"2023 Member Census Toolkit\",\"item\":\"https:\/\/iatse.net\/2023-member-census\/\"},{\"@type\":\"ListItem\",\"position\":3,\"name\":\"Melanie Barnett-Stubberfield\u00a0\"}]},{\"@type\":\"WebSite\",\"@id\":\"https:\/\/iatse.net\/#website\",\"url\":\"https:\/\/iatse.net\/\",\"name\":\"IATSE\",\"description\":\"The Union Behind Entertainment\",\"publisher\":{\"@id\":\"https:\/\/iatse.net\/#organization\"},\"potentialAction\":[{\"@type\":\"SearchAction\",\"target\":{\"@type\":\"EntryPoint\",\"urlTemplate\":\"https:\/\/iatse.net\/?s={search_term_string}\"},\"query-input\":{\"@type\":\"PropertyValueSpecification\",\"valueRequired\":true,\"valueName\":\"search_term_string\"}}],\"inLanguage\":\"fr-CA\"},{\"@type\":\"Organization\",\"@id\":\"https:\/\/iatse.net\/#organization\",\"name\":\"IATSE\",\"url\":\"https:\/\/iatse.net\/\",\"logo\":{\"@type\":\"ImageObject\",\"inLanguage\":\"fr-CA\",\"@id\":\"https:\/\/iatse.net\/#\/schema\/logo\/image\/\",\"url\":\"https:\/\/iatse.net\/wp-content\/uploads\/2021\/03\/IATSE_Logo_White.png\",\"contentUrl\":\"https:\/\/iatse.net\/wp-content\/uploads\/2021\/03\/IATSE_Logo_White.png\",\"width\":2100,\"height\":1987,\"caption\":\"IATSE\"},\"image\":{\"@id\":\"https:\/\/iatse.net\/#\/schema\/logo\/image\/\"}}]}<\/script>\n<!-- \/ Yoast SEO plugin. -->","yoast_head_json":{"title":"Melanie Barnett-Stubberfield\u00a0 - IATSE, The Union Behind Entertainment","robots":{"index":"index","follow":"follow","max-snippet":"max-snippet:-1","max-image-preview":"max-image-preview:large","max-video-preview":"max-video-preview:-1"},"canonical":"https:\/\/iatse.net\/fr\/2023-member-census\/melanie-barnett-stubberfield\/","og_locale":"fr_CA","og_type":"article","og_title":"Melanie Barnett-Stubberfield\u00a0 - IATSE, The Union Behind Entertainment","og_description":"Melanie Barnett-Stubberfield is a 25-plus member of IATSE. She started her career at the Chicago Regal Theater but started working with Chicago Local 2 in 1995 as a stagehand. As [&hellip;]","og_url":"https:\/\/iatse.net\/fr\/2023-member-census\/melanie-barnett-stubberfield\/","og_site_name":"IATSE","article_modified_time":"2023-06-13T20:28:28+00:00","og_image":[{"width":377,"height":389,"url":"https:\/\/iatse.net\/wp-content\/uploads\/2023\/05\/Melanie-Barnett-S.jpg","type":"image\/jpeg"}],"twitter_card":"summary_large_image","twitter_misc":{"Estimation du temps de lecture":"1 minute"},"schema":{"@context":"https:\/\/schema.org","@graph":[{"@type":"WebPage","@id":"https:\/\/iatse.net\/2023-member-census\/melanie-barnett-stubberfield\/","url":"https:\/\/iatse.net\/2023-member-census\/melanie-barnett-stubberfield\/","name":"Melanie Barnett-Stubberfield\u00a0 - IATSE, The Union Behind Entertainment","isPartOf":{"@id":"https:\/\/iatse.net\/#website"},"primaryImageOfPage":{"@id":"https:\/\/iatse.net\/2023-member-census\/melanie-barnett-stubberfield\/#primaryimage"},"image":{"@id":"https:\/\/iatse.net\/2023-member-census\/melanie-barnett-stubberfield\/#primaryimage"},"thumbnailUrl":"https:\/\/iatse.net\/wp-content\/uploads\/2023\/05\/Melanie-Barnett-S.jpg","datePublished":"2023-05-25T21:06:36+00:00","dateModified":"2023-06-13T20:28:28+00:00","breadcrumb":{"@id":"https:\/\/iatse.net\/2023-member-census\/melanie-barnett-stubberfield\/#breadcrumb"},"inLanguage":"fr-CA","potentialAction":[{"@type":"ReadAction","target":["https:\/\/iatse.net\/2023-member-census\/melanie-barnett-stubberfield\/"]}]},{"@type":"ImageObject","inLanguage":"fr-CA","@id":"https:\/\/iatse.net\/2023-member-census\/melanie-barnett-stubberfield\/#primaryimage","url":"https:\/\/iatse.net\/wp-content\/uploads\/2023\/05\/Melanie-Barnett-S.jpg","contentUrl":"https:\/\/iatse.net\/wp-content\/uploads\/2023\/05\/Melanie-Barnett-S.jpg","width":377,"height":389},{"@type":"BreadcrumbList","@id":"https:\/\/iatse.net\/2023-member-census\/melanie-barnett-stubberfield\/#breadcrumb","itemListElement":[{"@type":"ListItem","position":1,"name":"Home","item":"https:\/\/iatse.net\/"},{"@type":"ListItem","position":2,"name":"2023 Member Census Toolkit","item":"https:\/\/iatse.net\/2023-member-census\/"},{"@type":"ListItem","position":3,"name":"Melanie Barnett-Stubberfield\u00a0"}]},{"@type":"WebSite","@id":"https:\/\/iatse.net\/#website","url":"https:\/\/iatse.net\/","name":"IATSE","description":"The Union Behind Entertainment","publisher":{"@id":"https:\/\/iatse.net\/#organization"},"potentialAction":[{"@type":"SearchAction","target":{"@type":"EntryPoint","urlTemplate":"https:\/\/iatse.net\/?s={search_term_string}"},"query-input":{"@type":"PropertyValueSpecification","valueRequired":true,"valueName":"search_term_string"}}],"inLanguage":"fr-CA"},{"@type":"Organization","@id":"https:\/\/iatse.net\/#organization","name":"IATSE","url":"https:\/\/iatse.net\/","logo":{"@type":"ImageObject","inLanguage":"fr-CA","@id":"https:\/\/iatse.net\/#\/schema\/logo\/image\/","url":"https:\/\/iatse.net\/wp-content\/uploads\/2021\/03\/IATSE_Logo_White.png","contentUrl":"https:\/\/iatse.net\/wp-content\/uploads\/2021\/03\/IATSE_Logo_White.png","width":2100,"height":1987,"caption":"IATSE"},"image":{"@id":"https:\/\/iatse.net\/#\/schema\/logo\/image\/"}}]}},"acf":[],"_links":{"self":[{"href":"https:\/\/iatse.net\/fr\/wp-json\/wp\/v2\/pages\/13643"}],"collection":[{"href":"https:\/\/iatse.net\/fr\/wp-json\/wp\/v2\/pages"}],"about":[{"href":"https:\/\/iatse.net\/fr\/wp-json\/wp\/v2\/types\/page"}],"author":[{"embeddable":true,"href":"https:\/\/iatse.net\/fr\/wp-json\/wp\/v2\/users\/4"}],"replies":[{"embeddable":true,"href":"https:\/\/iatse.net\/fr\/wp-json\/wp\/v2\/comments?post=13643"}],"version-history":[{"count":7,"href":"https:\/\/iatse.net\/fr\/wp-json\/wp\/v2\/pages\/13643\/revisions"}],"predecessor-version":[{"id":14038,"href":"https:\/\/iatse.net\/fr\/wp-json\/wp\/v2\/pages\/13643\/revisions\/14038"}],"up":[{"embeddable":true,"href":"https:\/\/iatse.net\/fr\/wp-json\/wp\/v2\/pages\/13370"}],"wp:featuredmedia":[{"embeddable":true,"href":"https:\/\/iatse.net\/fr\/wp-json\/wp\/v2\/media\/13693"}],"wp:attachment":[{"href":"https:\/\/iatse.net\/fr\/wp-json\/wp\/v2\/media?parent=13643"}],"curies":[{"name":"wp","href":"https:\/\/api.w.org\/{rel}","templated":true}]}}