  {"id":13650,"date":"2023-05-30T08:36:25","date_gmt":"2023-05-30T12:36:25","guid":{"rendered":"https:\/\/iatse.net\/?page_id=13650"},"modified":"2023-06-13T16:33:57","modified_gmt":"2023-06-13T20:33:57","slug":"nate-richmond","status":"publish","type":"page","link":"https:\/\/iatse.net\/fr\/2023-member-census\/nate-richmond\/","title":{"rendered":"Nate Richmond"},"content":{"rendered":"<div data-elementor-type=\"wp-page\" data-elementor-id=\"13650\" class=\"elementor elementor-13650\">\n\t\t\t\t\t\t<section class=\"elementor-section elementor-top-section elementor-element elementor-element-573a9932 elementor-section-boxed elementor-section-height-default elementor-section-height-default\" data-id=\"573a9932\" data-element_type=\"section\">\n\t\t\t\t\t\t<div class=\"elementor-container elementor-column-gap-default\">\n\t\t\t\t\t<div class=\"elementor-column elementor-col-100 elementor-top-column elementor-element elementor-element-c68f293\" data-id=\"c68f293\" data-element_type=\"column\">\n\t\t\t<div class=\"elementor-widget-wrap\">\n\t\t\t\t\t\t\t<\/div>\n\t\t<\/div>\n\t\t\t\t\t<\/div>\n\t\t<\/section>\n\t\t\t\t<section class=\"elementor-section elementor-top-section elementor-element elementor-element-d041bea elementor-section-boxed elementor-section-height-default elementor-section-height-default\" data-id=\"d041bea\" data-element_type=\"section\">\n\t\t\t\t\t\t<div class=\"elementor-container elementor-column-gap-default\">\n\t\t\t\t\t<div class=\"elementor-column elementor-col-100 elementor-top-column elementor-element elementor-element-92f5258\" data-id=\"92f5258\" data-element_type=\"column\">\n\t\t\t<div class=\"elementor-widget-wrap elementor-element-populated\">\n\t\t\t\t\t\t<div class=\"elementor-element elementor-element-41de3a0 elementor-widget elementor-widget-global elementor-global-726 elementor-widget-heading\" data-id=\"41de3a0\" data-element_type=\"widget\" data-widget_type=\"heading.default\">\n\t\t\t\t<div class=\"elementor-widget-container\">\n\t\t\t<h2 class=\"elementor-heading-title elementor-size-default\">Nate Richmond<\/h2>\t\t<\/div>\n\t\t\t\t<\/div>\n\t\t\t\t<div class=\"elementor-element elementor-element-d4b2a60 elementor-widget elementor-widget-theme-post-featured-image elementor-widget-image\" data-id=\"d4b2a60\" data-element_type=\"widget\" data-widget_type=\"theme-post-featured-image.default\">\n\t\t\t\t<div class=\"elementor-widget-container\">\n\t\t\t\t\t\t\t\t\t\t\t\t\t<img fetchpriority=\"high\" decoding=\"async\" width=\"800\" height=\"797\" src=\"https:\/\/iatse.net\/wp-content\/uploads\/2023\/06\/NateHeadshot-1024x1020.png\" class=\"attachment-large size-large wp-image-13930\" alt=\"\" srcset=\"https:\/\/iatse.net\/wp-content\/uploads\/2023\/06\/NateHeadshot-1024x1020.png 1024w, https:\/\/iatse.net\/wp-content\/uploads\/2023\/06\/NateHeadshot-300x300.png 300w, https:\/\/iatse.net\/wp-content\/uploads\/2023\/06\/NateHeadshot-150x150.png 150w, https:\/\/iatse.net\/wp-content\/uploads\/2023\/06\/NateHeadshot-768x765.png 768w, https:\/\/iatse.net\/wp-content\/uploads\/2023\/06\/NateHeadshot-1536x1530.png 1536w, https:\/\/iatse.net\/wp-content\/uploads\/2023\/06\/NateHeadshot-12x12.png 12w, https:\/\/iatse.net\/wp-content\/uploads\/2023\/06\/NateHeadshot.png 1634w\" sizes=\"(max-width: 800px) 100vw, 800px\" \/>\t\t\t\t\t\t\t\t\t\t\t\t\t<\/div>\n\t\t\t\t<\/div>\n\t\t\t\t<div class=\"elementor-element elementor-element-36cf6fa5 elementor-widget elementor-widget-text-editor\" data-id=\"36cf6fa5\" data-element_type=\"widget\" data-widget_type=\"text-editor.default\">\n\t\t\t\t<div class=\"elementor-widget-container\">\n\t\t\t\t\t\t\t<!-- wp:paragraph -->\n<p>Nate Richmond (il\/elle) est le directeur des op\u00e9rations du bureau canadien de l'ºìÌÒÊÓÆµ\u00e0 Toronto. Son exp\u00e9rience dans l'industrie comprend le travail dans le bureau de production et dans les maisons de location d'\u00e9quipement Panavision et William F. Whites.Au cours de ses douze ann\u00e9es au sein de l'ºìÌÒÊÓÆµInternational, il a \u00e9t\u00e9 nomm\u00e9 pr\u00e9sident du comit\u00e9 de fiert\u00e9 de l'ºìÌÒÊÓÆµet repr\u00e9sentant du syndicat au sein du groupe de travail \"Solidarit\u00e9 et fiert\u00e9\" du Congr\u00e8s du travail du Canada. Il est fier d'avoir con\u00e7u et produit le premier swag de la fiert\u00e9 internationale de l'IATSE, y compris les fameux pr\u00e9servatifs de l'ºìÌÒÊÓÆµ(oui, ils sont vrais !).\u00a0<\/p>\n<!-- \/wp:paragraph --><!-- wp:paragraph -->\n<p>Il vit actuellement dans le centre-ville de Toronto avec Ben, son compagnon depuis pr\u00e8s de vingt ans.<\/p>\n<!-- \/wp:paragraph --><!-- wp:paragraph -->\n<p><span style=\"text-decoration: underline;\"><strong><a href=\"https:\/\/iatse.net\/fr\/2023-member-census\/\">Cliquez ici pour retourner \u00e0 la bo\u00eete \u00e0 outils du recensement des membres 2023<\/a><\/strong><\/span><\/p>\n<!-- \/wp:paragraph -->\t\t\t\t\t\t<\/div>\n\t\t\t\t<\/div>\n\t\t\t\t\t<\/div>\n\t\t<\/div>\n\t\t\t\t\t<\/div>\n\t\t<\/section>\n\t\t\t\t<\/div>","protected":false},"excerpt":{"rendered":"<p>Nate Richmond (il\/elle) est le directeur des op\u00e9rations du bureau canadien de l'ºìÌÒÊÓÆµ\u00e0 Toronto. Son exp\u00e9rience dans l'industrie comprend le travail dans le bureau de production et dans les maisons de location d'\u00e9quipement [...]<\/p>","protected":false},"author":4,"featured_media":13930,"parent":13370,"menu_order":0,"comment_status":"closed","ping_status":"closed","template":"elementor_header_footer","meta":{"_acf_changed":false,"_monsterinsights_skip_tracking":false,"_monsterinsights_sitenote_active":false,"_monsterinsights_sitenote_note":"","_monsterinsights_sitenote_category":0,"footnotes":""},"yoast_head":"<!-- This site is optimized with the Yoast SEO plugin v23.5 - https:\/\/yoast.com\/wordpress\/plugins\/seo\/ -->\n<title>Nate Richmond - IATSE, The Union Behind Entertainment<\/title>\n<meta name=\"robots\" content=\"index, follow, max-snippet:-1, max-image-preview:large, max-video-preview:-1\" \/>\n<link rel=\"canonical\" href=\"https:\/\/iatse.net\/fr\/2023-member-census\/nate-richmond\/\" \/>\n<meta property=\"og:locale\" content=\"fr_CA\" \/>\n<meta property=\"og:type\" content=\"article\" \/>\n<meta property=\"og:title\" content=\"Nate Richmond - IATSE, The Union Behind Entertainment\" \/>\n<meta property=\"og:description\" content=\"Nate Richmond (he\/him) is the Operations Manager at the ºìÌÒÊÓÆµCanadian Office in Toronto. His experience in the industry includes working in the production office and at equipment rental houses [&hellip;]\" \/>\n<meta property=\"og:url\" content=\"https:\/\/iatse.net\/fr\/2023-member-census\/nate-richmond\/\" \/>\n<meta property=\"og:site_name\" content=\"IATSE\" \/>\n<meta property=\"article:modified_time\" content=\"2023-06-13T20:33:57+00:00\" \/>\n<meta property=\"og:image\" content=\"https:\/\/iatse.net\/wp-content\/uploads\/2023\/06\/NateHeadshot-1024x1020.png\" \/>\n\t<meta property=\"og:image:width\" content=\"1024\" \/>\n\t<meta property=\"og:image:height\" content=\"1020\" \/>\n\t<meta property=\"og:image:type\" content=\"image\/png\" \/>\n<meta name=\"twitter:card\" content=\"summary_large_image\" \/>\n<meta name=\"twitter:label1\" content=\"Estimation du temps de lecture\" \/>\n\t<meta name=\"twitter:data1\" content=\"1 minute\" \/>\n<script type=\"application\/ld+json\" class=\"yoast-schema-graph\">{\"@context\":\"https:\/\/schema.org\",\"@graph\":[{\"@type\":\"WebPage\",\"@id\":\"https:\/\/iatse.net\/2023-member-census\/nate-richmond\/\",\"url\":\"https:\/\/iatse.net\/2023-member-census\/nate-richmond\/\",\"name\":\"Nate Richmond - IATSE, The Union Behind Entertainment\",\"isPartOf\":{\"@id\":\"https:\/\/iatse.net\/#website\"},\"primaryImageOfPage\":{\"@id\":\"https:\/\/iatse.net\/2023-member-census\/nate-richmond\/#primaryimage\"},\"image\":{\"@id\":\"https:\/\/iatse.net\/2023-member-census\/nate-richmond\/#primaryimage\"},\"thumbnailUrl\":\"https:\/\/iatse.net\/wp-content\/uploads\/2023\/06\/NateHeadshot.png\",\"datePublished\":\"2023-05-30T12:36:25+00:00\",\"dateModified\":\"2023-06-13T20:33:57+00:00\",\"breadcrumb\":{\"@id\":\"https:\/\/iatse.net\/2023-member-census\/nate-richmond\/#breadcrumb\"},\"inLanguage\":\"fr-CA\",\"potentialAction\":[{\"@type\":\"ReadAction\",\"target\":[\"https:\/\/iatse.net\/2023-member-census\/nate-richmond\/\"]}]},{\"@type\":\"ImageObject\",\"inLanguage\":\"fr-CA\",\"@id\":\"https:\/\/iatse.net\/2023-member-census\/nate-richmond\/#primaryimage\",\"url\":\"https:\/\/iatse.net\/wp-content\/uploads\/2023\/06\/NateHeadshot.png\",\"contentUrl\":\"https:\/\/iatse.net\/wp-content\/uploads\/2023\/06\/NateHeadshot.png\",\"width\":1634,\"height\":1628},{\"@type\":\"BreadcrumbList\",\"@id\":\"https:\/\/iatse.net\/2023-member-census\/nate-richmond\/#breadcrumb\",\"itemListElement\":[{\"@type\":\"ListItem\",\"position\":1,\"name\":\"Home\",\"item\":\"https:\/\/iatse.net\/\"},{\"@type\":\"ListItem\",\"position\":2,\"name\":\"2023 Member Census Toolkit\",\"item\":\"https:\/\/iatse.net\/2023-member-census\/\"},{\"@type\":\"ListItem\",\"position\":3,\"name\":\"Nate Richmond\"}]},{\"@type\":\"WebSite\",\"@id\":\"https:\/\/iatse.net\/#website\",\"url\":\"https:\/\/iatse.net\/\",\"name\":\"IATSE\",\"description\":\"The Union Behind Entertainment\",\"publisher\":{\"@id\":\"https:\/\/iatse.net\/#organization\"},\"potentialAction\":[{\"@type\":\"SearchAction\",\"target\":{\"@type\":\"EntryPoint\",\"urlTemplate\":\"https:\/\/iatse.net\/?s={search_term_string}\"},\"query-input\":{\"@type\":\"PropertyValueSpecification\",\"valueRequired\":true,\"valueName\":\"search_term_string\"}}],\"inLanguage\":\"fr-CA\"},{\"@type\":\"Organization\",\"@id\":\"https:\/\/iatse.net\/#organization\",\"name\":\"IATSE\",\"url\":\"https:\/\/iatse.net\/\",\"logo\":{\"@type\":\"ImageObject\",\"inLanguage\":\"fr-CA\",\"@id\":\"https:\/\/iatse.net\/#\/schema\/logo\/image\/\",\"url\":\"https:\/\/iatse.net\/wp-content\/uploads\/2021\/03\/IATSE_Logo_White.png\",\"contentUrl\":\"https:\/\/iatse.net\/wp-content\/uploads\/2021\/03\/IATSE_Logo_White.png\",\"width\":2100,\"height\":1987,\"caption\":\"IATSE\"},\"image\":{\"@id\":\"https:\/\/iatse.net\/#\/schema\/logo\/image\/\"}}]}<\/script>\n<!-- \/ Yoast SEO plugin. -->","yoast_head_json":{"title":"Nate Richmond - IATSE, The Union Behind Entertainment","robots":{"index":"index","follow":"follow","max-snippet":"max-snippet:-1","max-image-preview":"max-image-preview:large","max-video-preview":"max-video-preview:-1"},"canonical":"https:\/\/iatse.net\/fr\/2023-member-census\/nate-richmond\/","og_locale":"fr_CA","og_type":"article","og_title":"Nate Richmond - IATSE, The Union Behind Entertainment","og_description":"Nate Richmond (he\/him) is the Operations Manager at the ºìÌÒÊÓÆµCanadian Office in Toronto. His experience in the industry includes working in the production office and at equipment rental houses [&hellip;]","og_url":"https:\/\/iatse.net\/fr\/2023-member-census\/nate-richmond\/","og_site_name":"IATSE","article_modified_time":"2023-06-13T20:33:57+00:00","og_image":[{"width":1024,"height":1020,"url":"https:\/\/iatse.net\/wp-content\/uploads\/2023\/06\/NateHeadshot-1024x1020.png","type":"image\/png"}],"twitter_card":"summary_large_image","twitter_misc":{"Estimation du temps de lecture":"1 minute"},"schema":{"@context":"https:\/\/schema.org","@graph":[{"@type":"WebPage","@id":"https:\/\/iatse.net\/2023-member-census\/nate-richmond\/","url":"https:\/\/iatse.net\/2023-member-census\/nate-richmond\/","name":"Nate Richmond - IATSE, The Union Behind Entertainment","isPartOf":{"@id":"https:\/\/iatse.net\/#website"},"primaryImageOfPage":{"@id":"https:\/\/iatse.net\/2023-member-census\/nate-richmond\/#primaryimage"},"image":{"@id":"https:\/\/iatse.net\/2023-member-census\/nate-richmond\/#primaryimage"},"thumbnailUrl":"https:\/\/iatse.net\/wp-content\/uploads\/2023\/06\/NateHeadshot.png","datePublished":"2023-05-30T12:36:25+00:00","dateModified":"2023-06-13T20:33:57+00:00","breadcrumb":{"@id":"https:\/\/iatse.net\/2023-member-census\/nate-richmond\/#breadcrumb"},"inLanguage":"fr-CA","potentialAction":[{"@type":"ReadAction","target":["https:\/\/iatse.net\/2023-member-census\/nate-richmond\/"]}]},{"@type":"ImageObject","inLanguage":"fr-CA","@id":"https:\/\/iatse.net\/2023-member-census\/nate-richmond\/#primaryimage","url":"https:\/\/iatse.net\/wp-content\/uploads\/2023\/06\/NateHeadshot.png","contentUrl":"https:\/\/iatse.net\/wp-content\/uploads\/2023\/06\/NateHeadshot.png","width":1634,"height":1628},{"@type":"BreadcrumbList","@id":"https:\/\/iatse.net\/2023-member-census\/nate-richmond\/#breadcrumb","itemListElement":[{"@type":"ListItem","position":1,"name":"Home","item":"https:\/\/iatse.net\/"},{"@type":"ListItem","position":2,"name":"2023 Member Census Toolkit","item":"https:\/\/iatse.net\/2023-member-census\/"},{"@type":"ListItem","position":3,"name":"Nate Richmond"}]},{"@type":"WebSite","@id":"https:\/\/iatse.net\/#website","url":"https:\/\/iatse.net\/","name":"IATSE","description":"The Union Behind Entertainment","publisher":{"@id":"https:\/\/iatse.net\/#organization"},"potentialAction":[{"@type":"SearchAction","target":{"@type":"EntryPoint","urlTemplate":"https:\/\/iatse.net\/?s={search_term_string}"},"query-input":{"@type":"PropertyValueSpecification","valueRequired":true,"valueName":"search_term_string"}}],"inLanguage":"fr-CA"},{"@type":"Organization","@id":"https:\/\/iatse.net\/#organization","name":"IATSE","url":"https:\/\/iatse.net\/","logo":{"@type":"ImageObject","inLanguage":"fr-CA","@id":"https:\/\/iatse.net\/#\/schema\/logo\/image\/","url":"https:\/\/iatse.net\/wp-content\/uploads\/2021\/03\/IATSE_Logo_White.png","contentUrl":"https:\/\/iatse.net\/wp-content\/uploads\/2021\/03\/IATSE_Logo_White.png","width":2100,"height":1987,"caption":"IATSE"},"image":{"@id":"https:\/\/iatse.net\/#\/schema\/logo\/image\/"}}]}},"acf":[],"_links":{"self":[{"href":"https:\/\/iatse.net\/fr\/wp-json\/wp\/v2\/pages\/13650"}],"collection":[{"href":"https:\/\/iatse.net\/fr\/wp-json\/wp\/v2\/pages"}],"about":[{"href":"https:\/\/iatse.net\/fr\/wp-json\/wp\/v2\/types\/page"}],"author":[{"embeddable":true,"href":"https:\/\/iatse.net\/fr\/wp-json\/wp\/v2\/users\/4"}],"replies":[{"embeddable":true,"href":"https:\/\/iatse.net\/fr\/wp-json\/wp\/v2\/comments?post=13650"}],"version-history":[{"count":5,"href":"https:\/\/iatse.net\/fr\/wp-json\/wp\/v2\/pages\/13650\/revisions"}],"predecessor-version":[{"id":14042,"href":"https:\/\/iatse.net\/fr\/wp-json\/wp\/v2\/pages\/13650\/revisions\/14042"}],"up":[{"embeddable":true,"href":"https:\/\/iatse.net\/fr\/wp-json\/wp\/v2\/pages\/13370"}],"wp:featuredmedia":[{"embeddable":true,"href":"https:\/\/iatse.net\/fr\/wp-json\/wp\/v2\/media\/13930"}],"wp:attachment":[{"href":"https:\/\/iatse.net\/fr\/wp-json\/wp\/v2\/media?parent=13650"}],"curies":[{"name":"wp","href":"https:\/\/api.w.org\/{rel}","templated":true}]}}