  {"id":5361,"date":"2021-07-15T14:38:12","date_gmt":"2021-07-15T18:38:12","guid":{"rendered":"https:\/\/iatse.net\/?page_id=5361"},"modified":"2026-02-11T13:57:49","modified_gmt":"2026-02-11T18:57:49","slug":"scholarship","status":"publish","type":"page","link":"https:\/\/iatse.net\/fr\/scholarship\/","title":{"rendered":"Bourse Walsh \/ Di Tolla \/ Spivak"},"content":{"rendered":"<p>Les administrateurs de la Fondation Richard F. Walsh\/Alfred W. Di Tolla\/Harold P. Spivak ont le plaisir d'offrir dix bourses d'\u00e9tudes chaque ann\u00e9e. Chaque laur\u00e9at d'une bourse d'\u00e9tudes recevra un total de 10 000 euros, qui seront vers\u00e9s \u00e0 raison de 2 500 euros par an sur une p\u00e9riode de quatre ans. En comptant les bourses de 2025, la Fondation a aid\u00e9 140 \u00e9tudiants \u00e0 poursuivre des \u00e9tudes sup\u00e9rieures.<\/p>\n\n\n\n<h4 class=\"wp-block-heading\">D\u00e9tails de l'application :<\/h4>\n\n\n\n<p><strong><a href=\"https:\/\/iatse.net\/wp-content\/uploads\/2022\/05\/2022-05-04-Application.pdf\" target=\"_blank\" rel=\"noreferrer noopener\">Cliquez ici pour t\u00e9l\u00e9charger l'application anglaise (PDF)<\/a><\/strong><\/p>\n\n\n\n<p><strong><a href=\"https:\/\/iatse.net\/wp-content\/uploads\/2022\/11\/2022-05-04-Application_FR.pdf\" target=\"_blank\" rel=\"noreferrer noopener\">Cliquez ici pour t\u00e9l\u00e9charger la candidature fran\u00e7aise (PDF)<\/a><\/strong><\/p>\n\n\n\n<p>La date limite pour la demande de bourse annuelle de la Fondation Richard F. Walsh\/Alfred W. Di Tolla\/Harold P. Spivak est la suivante&nbsp;<strong>31 d\u00e9cembre<sup>st<\/sup>&nbsp;de chaque ann\u00e9e<\/strong>Il n'y a pas d'exception \u00e0 cette date limite.  Pour que votre candidature soit prise en consid\u00e9ration, vous devez envoyer le formulaire de demande d\u00fbment rempli avant la date limite du 31 d\u00e9cembre.<sup>st<\/sup>&nbsp;ou la demande envoy\u00e9e par la poste doit \u00eatre oblit\u00e9r\u00e9e avant le 31 d\u00e9cembre.<sup>st<\/sup>.  Les documents annexes \u00e0 joindre \u00e0 la candidature, notamment le relev\u00e9 de notes officiel de l'\u00e9cole secondaire, la ou les lettres de recommandation et la liste des activit\u00e9s extrascolaires, y compris le r\u00f4le et les fonctions, peuvent \u00eatre envoy\u00e9s au plus tard le mercredi 11 mars 2026. <\/p>\n\n\n\n<p>Veuillez noter que la demande doit \u00eatre envoy\u00e9e par la poste. Les demandes envoy\u00e9es par courriel ne seront pas accept\u00e9es.<\/p>\n\n\n\n<p>L'adresse du bureau de la Fondation est la suivante<\/p>\n\n\n\n<p>La Fondation Richard F. Walsh\/Alfred W. Di Tolla\/Harold P. Spivak<br>c\/o IATSE<br>207 W. 25th St., 4e \u00e9tage.<br>New York, NY 10001<\/p>\n\n\n\n<h4 class=\"wp-block-heading\">FAQ sur les applications :<\/h4>\n\n\n\n<p><em>Q : Qui peut postuler ?<\/em><\/p>\n\n\n\n<p>R : Pour \u00eatre \u00e9ligible \u00e0 la bourse Richard F. Walsh\/Alfred W. Di Tolla\/ Harold P. Spivak Foundation, le candidat doit :<\/p>\n\n\n\n<ul>\n<li>\u00catre l'enfant d'un membre en r\u00e8gle de l'IATSE, les petits-enfants ne sont pas concern\u00e9s pour postuler ;<\/li>\n\n\n\n<li>\u00catre en derni\u00e8re ann\u00e9e d'\u00e9tudes secondaires au moment de la candidature.  Vous ne pouvez pas postuler si vous avez d\u00e9j\u00e0 commenc\u00e9 vos \u00e9tudes dans un \u00e9tablissement d'enseignement sup\u00e9rieur ou une universit\u00e9 ; et<\/li>\n\n\n\n<li>Avoir fait ou \u00eatre sur le point de faire une demande d'admission dans un coll\u00e8ge ou une universit\u00e9 accr\u00e9dit\u00e9s en tant qu'\u00e9tudiant pleinement inscrit, ce qui conduira \u00e0 l'obtention d'une licence.<\/li>\n<\/ul>\n\n\n\n<div style=\"height:20px\" aria-hidden=\"true\" class=\"wp-block-spacer\"><\/div>\n\n\n\n<p><em>Q : <em>Les \u00e9tudiants canadiens sont-ils \u00e9ligibles ?<\/em><\/em><\/p>\n\n\n\n<p>R : Oui, les \u00e9tudiants canadiens peuvent poser leur candidature.<\/p>\n\n\n\n<p>Q : <em>Comment puis-je postuler ?<\/em><\/p>\n\n\n\n<p>R : C'est simple ! Il suffit de t\u00e9l\u00e9charger le formulaire de candidature. Apr\u00e8s l'avoir remplie, envoyez-la, accompagn\u00e9e de votre relev\u00e9 de notes officiel, d'une ou plusieurs lettres de recommandation et d'une liste d'activit\u00e9s parascolaires, au bureau de la Fondation. Les candidatures envoy\u00e9es par courrier \u00e9lectronique ne seront pas accept\u00e9es. <\/p>\n\n\n\n<p><em>Q : Quelle est la date limite ?<\/em><\/p>\n\n\n\n<p>R : Le formulaire de demande d\u00fbment rempli doit \u00eatre re\u00e7u ou oblit\u00e9r\u00e9 avant le 31 d\u00e9cembre de chaque ann\u00e9e. Les laur\u00e9ats des bourses d'\u00e9tudes seront inform\u00e9s au plus tard au mois de juin suivant et seront annonc\u00e9s dans le num\u00e9ro suivant du Bulletin officiel.<\/p>\n\n\n\n<div style=\"height:30px\" aria-hidden=\"true\" class=\"wp-block-spacer\"><\/div>\n\n\n\n<p>Pour toute question concernant la bourse, veuillez nous contacter. <a href=\"https:\/\/iatse.net\/fr\/about\/#contact\">ici<\/a>.<\/p>","protected":false},"excerpt":{"rendered":"<p>Les administrateurs de la Fondation Richard F. Walsh\/Alfred W. Di Tolla\/Harold P. Spivak ont le plaisir d'offrir chaque ann\u00e9e dix bourses d'\u00e9tudes. Chaque laur\u00e9at d'une bourse d'\u00e9tudes recevra un [...]<\/p>","protected":false},"author":1,"featured_media":5363,"parent":0,"menu_order":0,"comment_status":"closed","ping_status":"closed","template":"","meta":{"_acf_changed":false,"_monsterinsights_skip_tracking":false,"_monsterinsights_sitenote_active":false,"_monsterinsights_sitenote_note":"","_monsterinsights_sitenote_category":0,"footnotes":""},"yoast_head":"<!-- This site is optimized with the Yoast SEO plugin v23.5 - https:\/\/yoast.com\/wordpress\/plugins\/seo\/ -->\n<title>Walsh \/ Di Tolla \/ Spivak Scholarship - IATSE, The Union Behind Entertainment<\/title>\n<meta name=\"description\" content=\"The Richard F. Walsh\/Alfred W. Di Tolla\/Harold P. Spivak Foundation offers ten 10,000 scholarship awards each year. Apply here.\" \/>\n<meta name=\"robots\" content=\"index, follow, max-snippet:-1, max-image-preview:large, max-video-preview:-1\" \/>\n<link rel=\"canonical\" href=\"https:\/\/iatse.net\/fr\/scholarship\/\" \/>\n<meta property=\"og:locale\" content=\"fr_CA\" \/>\n<meta property=\"og:type\" content=\"article\" \/>\n<meta property=\"og:title\" content=\"Walsh \/ Di Tolla \/ Spivak Scholarship - IATSE, The Union Behind Entertainment\" \/>\n<meta property=\"og:description\" content=\"The Richard F. Walsh\/Alfred W. Di Tolla\/Harold P. Spivak Foundation offers ten 10,000 scholarship awards each year. Apply here.\" \/>\n<meta property=\"og:url\" content=\"https:\/\/iatse.net\/fr\/scholarship\/\" \/>\n<meta property=\"og:site_name\" content=\"IATSE\" \/>\n<meta property=\"article:modified_time\" content=\"2026-02-11T18:57:49+00:00\" \/>\n<meta property=\"og:image\" content=\"https:\/\/iatse.net\/wp-content\/uploads\/2021\/07\/SCHOLARSHIP.jpg\" \/>\n\t<meta property=\"og:image:width\" content=\"1920\" \/>\n\t<meta property=\"og:image:height\" content=\"1080\" \/>\n\t<meta property=\"og:image:type\" content=\"image\/jpeg\" \/>\n<meta name=\"twitter:card\" content=\"summary_large_image\" \/>\n<meta name=\"twitter:label1\" content=\"Estimation du temps de lecture\" \/>\n\t<meta name=\"twitter:data1\" content=\"3 minutes\" \/>\n<script type=\"application\/ld+json\" class=\"yoast-schema-graph\">{\"@context\":\"https:\/\/schema.org\",\"@graph\":[{\"@type\":\"WebPage\",\"@id\":\"https:\/\/iatse.net\/scholarship\/\",\"url\":\"https:\/\/iatse.net\/scholarship\/\",\"name\":\"Walsh \/ Di Tolla \/ Spivak Scholarship - IATSE, The Union Behind Entertainment\",\"isPartOf\":{\"@id\":\"https:\/\/iatse.net\/#website\"},\"primaryImageOfPage\":{\"@id\":\"https:\/\/iatse.net\/scholarship\/#primaryimage\"},\"image\":{\"@id\":\"https:\/\/iatse.net\/scholarship\/#primaryimage\"},\"thumbnailUrl\":\"https:\/\/iatse.net\/wp-content\/uploads\/2021\/07\/SCHOLARSHIP.jpg\",\"datePublished\":\"2021-07-15T18:38:12+00:00\",\"dateModified\":\"2026-02-11T18:57:49+00:00\",\"description\":\"The Richard F. Walsh\/Alfred W. Di Tolla\/Harold P. Spivak Foundation offers ten 10,000 scholarship awards each year. Apply here.\",\"breadcrumb\":{\"@id\":\"https:\/\/iatse.net\/scholarship\/#breadcrumb\"},\"inLanguage\":\"fr-CA\",\"potentialAction\":[{\"@type\":\"ReadAction\",\"target\":[\"https:\/\/iatse.net\/scholarship\/\"]}]},{\"@type\":\"ImageObject\",\"inLanguage\":\"fr-CA\",\"@id\":\"https:\/\/iatse.net\/scholarship\/#primaryimage\",\"url\":\"https:\/\/iatse.net\/wp-content\/uploads\/2021\/07\/SCHOLARSHIP.jpg\",\"contentUrl\":\"https:\/\/iatse.net\/wp-content\/uploads\/2021\/07\/SCHOLARSHIP.jpg\",\"width\":1920,\"height\":1080,\"caption\":\"This photo depicts a close up of a graduate from behind in black and white, with the words \\\"Walsh DiTolla Spivak Scholarship, application deadline December 31st\\\" superimposed\"},{\"@type\":\"BreadcrumbList\",\"@id\":\"https:\/\/iatse.net\/scholarship\/#breadcrumb\",\"itemListElement\":[{\"@type\":\"ListItem\",\"position\":1,\"name\":\"Home\",\"item\":\"https:\/\/iatse.net\/\"},{\"@type\":\"ListItem\",\"position\":2,\"name\":\"Walsh \/ Di Tolla \/ Spivak Scholarship\"}]},{\"@type\":\"WebSite\",\"@id\":\"https:\/\/iatse.net\/#website\",\"url\":\"https:\/\/iatse.net\/\",\"name\":\"IATSE\",\"description\":\"The Union Behind Entertainment\",\"publisher\":{\"@id\":\"https:\/\/iatse.net\/#organization\"},\"potentialAction\":[{\"@type\":\"SearchAction\",\"target\":{\"@type\":\"EntryPoint\",\"urlTemplate\":\"https:\/\/iatse.net\/?s={search_term_string}\"},\"query-input\":{\"@type\":\"PropertyValueSpecification\",\"valueRequired\":true,\"valueName\":\"search_term_string\"}}],\"inLanguage\":\"fr-CA\"},{\"@type\":\"Organization\",\"@id\":\"https:\/\/iatse.net\/#organization\",\"name\":\"IATSE\",\"url\":\"https:\/\/iatse.net\/\",\"logo\":{\"@type\":\"ImageObject\",\"inLanguage\":\"fr-CA\",\"@id\":\"https:\/\/iatse.net\/#\/schema\/logo\/image\/\",\"url\":\"https:\/\/iatse.net\/wp-content\/uploads\/2021\/03\/IATSE_Logo_White.png\",\"contentUrl\":\"https:\/\/iatse.net\/wp-content\/uploads\/2021\/03\/IATSE_Logo_White.png\",\"width\":2100,\"height\":1987,\"caption\":\"IATSE\"},\"image\":{\"@id\":\"https:\/\/iatse.net\/#\/schema\/logo\/image\/\"}}]}<\/script>\n<!-- \/ Yoast SEO plugin. -->","yoast_head_json":{"title":"Walsh \/ Di Tolla \/ Spivak Scholarship - IATSE, The Union Behind Entertainment","description":"The Richard F. Walsh\/Alfred W. Di Tolla\/Harold P. Spivak Foundation offers ten 10,000 scholarship awards each year. Apply here.","robots":{"index":"index","follow":"follow","max-snippet":"max-snippet:-1","max-image-preview":"max-image-preview:large","max-video-preview":"max-video-preview:-1"},"canonical":"https:\/\/iatse.net\/fr\/scholarship\/","og_locale":"fr_CA","og_type":"article","og_title":"Walsh \/ Di Tolla \/ Spivak Scholarship - IATSE, The Union Behind Entertainment","og_description":"The Richard F. Walsh\/Alfred W. Di Tolla\/Harold P. Spivak Foundation offers ten 10,000 scholarship awards each year. Apply here.","og_url":"https:\/\/iatse.net\/fr\/scholarship\/","og_site_name":"IATSE","article_modified_time":"2026-02-11T18:57:49+00:00","og_image":[{"width":1920,"height":1080,"url":"https:\/\/iatse.net\/wp-content\/uploads\/2021\/07\/SCHOLARSHIP.jpg","type":"image\/jpeg"}],"twitter_card":"summary_large_image","twitter_misc":{"Estimation du temps de lecture":"3 minutes"},"schema":{"@context":"https:\/\/schema.org","@graph":[{"@type":"WebPage","@id":"https:\/\/iatse.net\/scholarship\/","url":"https:\/\/iatse.net\/scholarship\/","name":"Walsh \/ Di Tolla \/ Spivak Scholarship - IATSE, The Union Behind Entertainment","isPartOf":{"@id":"https:\/\/iatse.net\/#website"},"primaryImageOfPage":{"@id":"https:\/\/iatse.net\/scholarship\/#primaryimage"},"image":{"@id":"https:\/\/iatse.net\/scholarship\/#primaryimage"},"thumbnailUrl":"https:\/\/iatse.net\/wp-content\/uploads\/2021\/07\/SCHOLARSHIP.jpg","datePublished":"2021-07-15T18:38:12+00:00","dateModified":"2026-02-11T18:57:49+00:00","description":"The Richard F. Walsh\/Alfred W. Di Tolla\/Harold P. Spivak Foundation offers ten 10,000 scholarship awards each year. Apply here.","breadcrumb":{"@id":"https:\/\/iatse.net\/scholarship\/#breadcrumb"},"inLanguage":"fr-CA","potentialAction":[{"@type":"ReadAction","target":["https:\/\/iatse.net\/scholarship\/"]}]},{"@type":"ImageObject","inLanguage":"fr-CA","@id":"https:\/\/iatse.net\/scholarship\/#primaryimage","url":"https:\/\/iatse.net\/wp-content\/uploads\/2021\/07\/SCHOLARSHIP.jpg","contentUrl":"https:\/\/iatse.net\/wp-content\/uploads\/2021\/07\/SCHOLARSHIP.jpg","width":1920,"height":1080,"caption":"This photo depicts a close up of a graduate from behind in black and white, with the words \"Walsh DiTolla Spivak Scholarship, application deadline December 31st\" superimposed"},{"@type":"BreadcrumbList","@id":"https:\/\/iatse.net\/scholarship\/#breadcrumb","itemListElement":[{"@type":"ListItem","position":1,"name":"Home","item":"https:\/\/iatse.net\/"},{"@type":"ListItem","position":2,"name":"Walsh \/ Di Tolla \/ Spivak Scholarship"}]},{"@type":"WebSite","@id":"https:\/\/iatse.net\/#website","url":"https:\/\/iatse.net\/","name":"IATSE","description":"The Union Behind Entertainment","publisher":{"@id":"https:\/\/iatse.net\/#organization"},"potentialAction":[{"@type":"SearchAction","target":{"@type":"EntryPoint","urlTemplate":"https:\/\/iatse.net\/?s={search_term_string}"},"query-input":{"@type":"PropertyValueSpecification","valueRequired":true,"valueName":"search_term_string"}}],"inLanguage":"fr-CA"},{"@type":"Organization","@id":"https:\/\/iatse.net\/#organization","name":"IATSE","url":"https:\/\/iatse.net\/","logo":{"@type":"ImageObject","inLanguage":"fr-CA","@id":"https:\/\/iatse.net\/#\/schema\/logo\/image\/","url":"https:\/\/iatse.net\/wp-content\/uploads\/2021\/03\/IATSE_Logo_White.png","contentUrl":"https:\/\/iatse.net\/wp-content\/uploads\/2021\/03\/IATSE_Logo_White.png","width":2100,"height":1987,"caption":"IATSE"},"image":{"@id":"https:\/\/iatse.net\/#\/schema\/logo\/image\/"}}]}},"acf":[],"_links":{"self":[{"href":"https:\/\/iatse.net\/fr\/wp-json\/wp\/v2\/pages\/5361"}],"collection":[{"href":"https:\/\/iatse.net\/fr\/wp-json\/wp\/v2\/pages"}],"about":[{"href":"https:\/\/iatse.net\/fr\/wp-json\/wp\/v2\/types\/page"}],"author":[{"embeddable":true,"href":"https:\/\/iatse.net\/fr\/wp-json\/wp\/v2\/users\/1"}],"replies":[{"embeddable":true,"href":"https:\/\/iatse.net\/fr\/wp-json\/wp\/v2\/comments?post=5361"}],"version-history":[{"count":20,"href":"https:\/\/iatse.net\/fr\/wp-json\/wp\/v2\/pages\/5361\/revisions"}],"predecessor-version":[{"id":21594,"href":"https:\/\/iatse.net\/fr\/wp-json\/wp\/v2\/pages\/5361\/revisions\/21594"}],"wp:featuredmedia":[{"embeddable":true,"href":"https:\/\/iatse.net\/fr\/wp-json\/wp\/v2\/media\/5363"}],"wp:attachment":[{"href":"https:\/\/iatse.net\/fr\/wp-json\/wp\/v2\/media?parent=5361"}],"curies":[{"name":"wp","href":"https:\/\/api.w.org\/{rel}","templated":true}]}}